{"id":107637,"date":"2025-11-04T04:31:54","date_gmt":"2025-11-04T02:31:54","guid":{"rendered":"https:\/\/automatic.ee\/toode\/gyeon-tugev-ja-tohus-putuka-ja-saastuseemaldaja-400ml\/"},"modified":"2025-11-04T04:31:54","modified_gmt":"2025-11-04T02:31:54","slug":"gyeon-tugev-ja-tohus-putuka-ja-saastuseemaldaja-400ml","status":"publish","type":"product","link":"https:\/\/automatic.ee\/ru\/toode\/gyeon-tugev-ja-tohus-putuka-ja-saastuseemaldaja-400ml\/","title":{"rendered":"GYEON TUGEV JA T\u00d5HUS PUTUKA- JA SAASTUSEEMALDAJA 400ml"},"content":{"rendered":"<p>Q\u00b2M Bug&amp;Grime on tugev ja v\u00e4ga t\u00f5hus eelpesu toode. mis on v\u00e4lja t\u00f6\u00f6tatud spetsiaalselt putukate ja saastuse eemaldamiseks. See lahustab saaste ning tagab p\u00e4rast seda ohutu ja kriimustusteta pesemise. See on esimese valiku toode p\u00e4rast igat suve\u00f5htu s\u00f5itu.<\/p>\n","protected":false},"excerpt":{"rendered":"<p>8809432672753 GYEON<\/p>\n","protected":false},"featured_media":107634,"comment_status":"open","ping_status":"closed","template":"","meta":{"colormag_page_container_layout":"default_layout","colormag_page_sidebar_layout":"default_layout"},"product_brand":[],"product_cat":[108],"product_tag":[],"class_list":{"0":"post-107637","1":"product","2":"type-product","3":"status-publish","4":"has-post-thumbnail","6":"product_cat-misc","8":"first","9":"instock","10":"shipping-taxable","11":"purchasable","12":"product-type-simple"},"_links":{"self":[{"href":"https:\/\/automatic.ee\/ru\/wp-json\/wp\/v2\/product\/107637","targetHints":{"allow":["GET"]}}],"collection":[{"href":"https:\/\/automatic.ee\/ru\/wp-json\/wp\/v2\/product"}],"about":[{"href":"https:\/\/automatic.ee\/ru\/wp-json\/wp\/v2\/types\/product"}],"replies":[{"embeddable":true,"href":"https:\/\/automatic.ee\/ru\/wp-json\/wp\/v2\/comments?post=107637"}],"wp:featuredmedia":[{"embeddable":true,"href":"https:\/\/automatic.ee\/ru\/wp-json\/wp\/v2\/media\/107634"}],"wp:attachment":[{"href":"https:\/\/automatic.ee\/ru\/wp-json\/wp\/v2\/media?parent=107637"}],"wp:term":[{"taxonomy":"product_brand","embeddable":true,"href":"https:\/\/automatic.ee\/ru\/wp-json\/wp\/v2\/product_brand?post=107637"},{"taxonomy":"product_cat","embeddable":true,"href":"https:\/\/automatic.ee\/ru\/wp-json\/wp\/v2\/product_cat?post=107637"},{"taxonomy":"product_tag","embeddable":true,"href":"https:\/\/automatic.ee\/ru\/wp-json\/wp\/v2\/product_tag?post=107637"}],"curies":[{"name":"wp","href":"https:\/\/api.w.org\/{rel}","templated":true}]}}