{"id":107609,"date":"2025-11-04T04:31:10","date_gmt":"2025-11-04T02:31:10","guid":{"rendered":"https:\/\/automatic.ee\/toode\/vuniil-ja-plast-puh-vahend-500ml\/"},"modified":"2025-11-04T04:31:10","modified_gmt":"2025-11-04T02:31:10","slug":"vuniil-ja-plast-puh-vahend-500ml","status":"publish","type":"product","link":"https:\/\/automatic.ee\/ru\/toode\/vuniil-ja-plast-puh-vahend-500ml\/","title":{"rendered":"V\u00dcNIIL- JA PLAST.PUH.VAHEND 500ML"},"content":{"rendered":"<p>Q\u00b2M VinylCleaner on \u00f5rn hooldustoode. mis on loodud regulaarseks kasutamiseks. See ei kahjusta ega tuhmi auto salongi v\u00e4rve. Eemaldab tolmu ja kerged mustuse laigud t\u00f5husalt. valmistades pinna ette Q\u00b2M Preserve jaoks. Q\u00b2M VinylCleaneril on kerged antistaatilised omadused. muutes selle suurep\u00e4raseks tooteks auto salongis regulaarselt kasutamiseks.<\/p>\n","protected":false},"excerpt":{"rendered":"<p>8809432673606 GYEON<\/p>\n","protected":false},"featured_media":107606,"comment_status":"open","ping_status":"closed","template":"","meta":{"colormag_page_container_layout":"default_layout","colormag_page_sidebar_layout":"default_layout"},"product_brand":[],"product_cat":[108],"product_tag":[],"class_list":{"0":"post-107609","1":"product","2":"type-product","3":"status-publish","4":"has-post-thumbnail","6":"product_cat-misc","8":"first","9":"instock","10":"shipping-taxable","11":"purchasable","12":"product-type-simple"},"_links":{"self":[{"href":"https:\/\/automatic.ee\/ru\/wp-json\/wp\/v2\/product\/107609","targetHints":{"allow":["GET"]}}],"collection":[{"href":"https:\/\/automatic.ee\/ru\/wp-json\/wp\/v2\/product"}],"about":[{"href":"https:\/\/automatic.ee\/ru\/wp-json\/wp\/v2\/types\/product"}],"replies":[{"embeddable":true,"href":"https:\/\/automatic.ee\/ru\/wp-json\/wp\/v2\/comments?post=107609"}],"wp:featuredmedia":[{"embeddable":true,"href":"https:\/\/automatic.ee\/ru\/wp-json\/wp\/v2\/media\/107606"}],"wp:attachment":[{"href":"https:\/\/automatic.ee\/ru\/wp-json\/wp\/v2\/media?parent=107609"}],"wp:term":[{"taxonomy":"product_brand","embeddable":true,"href":"https:\/\/automatic.ee\/ru\/wp-json\/wp\/v2\/product_brand?post=107609"},{"taxonomy":"product_cat","embeddable":true,"href":"https:\/\/automatic.ee\/ru\/wp-json\/wp\/v2\/product_cat?post=107609"},{"taxonomy":"product_tag","embeddable":true,"href":"https:\/\/automatic.ee\/ru\/wp-json\/wp\/v2\/product_tag?post=107609"}],"curies":[{"name":"wp","href":"https:\/\/api.w.org\/{rel}","templated":true}]}}