{"id":107581,"date":"2025-11-04T04:30:44","date_gmt":"2025-11-04T02:30:44","guid":{"rendered":"https:\/\/automatic.ee\/toode\/nahahoolduskomplekt-200ml\/"},"modified":"2025-11-04T04:30:44","modified_gmt":"2025-11-04T02:30:44","slug":"nahahoolduskomplekt-200ml","status":"publish","type":"product","link":"https:\/\/automatic.ee\/ru\/toode\/nahahoolduskomplekt-200ml\/","title":{"rendered":"Nahahoolduskomplekt 200ML"},"content":{"rendered":"<p>Q\u00b2M LeatherSet Strong on t\u00e4ielik lahendus. mis \u00fchendab Q\u00b2M LeatherCleaner Strong-i. v\u00f5imsa katmiseelse nahapuhastusvahendi ja Q\u00b2 LeatherCoat-i. et saavutada ideaalne naha hooldus- ja kaitselahendus. Q\u00b2M LeatherCleaner Strong tagab s\u00fcgava mustuse ja \u00f5lij\u00e4\u00e4kide eemaldamise ja tagab parima ettevalmistuse katmiseks. Q\u00b2 LeatherCoat tagab kauakestva mattpinna ja teeb edaspidise hoolduse saastumise vastu lihtsamaks.<\/p>\n","protected":false},"excerpt":{"rendered":"<p>8809432674801 GYEON<\/p>\n","protected":false},"featured_media":107578,"comment_status":"open","ping_status":"closed","template":"","meta":{"colormag_page_container_layout":"default_layout","colormag_page_sidebar_layout":"default_layout"},"product_brand":[],"product_cat":[108],"product_tag":[],"class_list":{"0":"post-107581","1":"product","2":"type-product","3":"status-publish","4":"has-post-thumbnail","6":"product_cat-misc","8":"first","9":"instock","10":"shipping-taxable","11":"purchasable","12":"product-type-simple"},"_links":{"self":[{"href":"https:\/\/automatic.ee\/ru\/wp-json\/wp\/v2\/product\/107581","targetHints":{"allow":["GET"]}}],"collection":[{"href":"https:\/\/automatic.ee\/ru\/wp-json\/wp\/v2\/product"}],"about":[{"href":"https:\/\/automatic.ee\/ru\/wp-json\/wp\/v2\/types\/product"}],"replies":[{"embeddable":true,"href":"https:\/\/automatic.ee\/ru\/wp-json\/wp\/v2\/comments?post=107581"}],"wp:featuredmedia":[{"embeddable":true,"href":"https:\/\/automatic.ee\/ru\/wp-json\/wp\/v2\/media\/107578"}],"wp:attachment":[{"href":"https:\/\/automatic.ee\/ru\/wp-json\/wp\/v2\/media?parent=107581"}],"wp:term":[{"taxonomy":"product_brand","embeddable":true,"href":"https:\/\/automatic.ee\/ru\/wp-json\/wp\/v2\/product_brand?post=107581"},{"taxonomy":"product_cat","embeddable":true,"href":"https:\/\/automatic.ee\/ru\/wp-json\/wp\/v2\/product_cat?post=107581"},{"taxonomy":"product_tag","embeddable":true,"href":"https:\/\/automatic.ee\/ru\/wp-json\/wp\/v2\/product_tag?post=107581"}],"curies":[{"name":"wp","href":"https:\/\/api.w.org\/{rel}","templated":true}]}}