{"id":107569,"date":"2025-11-04T04:30:35","date_gmt":"2025-11-04T02:30:35","guid":{"rendered":"https:\/\/automatic.ee\/toode\/q%c2%b2m-quickdetailer-kiirpuhastusvahend-parast-pesu-400ml\/"},"modified":"2025-11-04T04:30:35","modified_gmt":"2025-11-04T02:30:35","slug":"q%c2%b2m-quickdetailer-kiirpuhastusvahend-parast-pesu-400ml","status":"publish","type":"product","link":"https:\/\/automatic.ee\/ru\/toode\/q%c2%b2m-quickdetailer-kiirpuhastusvahend-parast-pesu-400ml\/","title":{"rendered":"Q\u00b2M QuickDetailer+ KIIRPUHASTUSVAHEND P\u00c4RAST PESU 400ML"},"content":{"rendered":"<p>LIBE JA L\u00c4IKIV Q\u00b2M QuickDetailer on vastus detailide entusiastide vajadustele. kes otsivad iga p\u00e4ev k\u00f5ige mitmek\u00fclgsemat kiiret detaili pakkuvat toodet. See suurendab l\u00e4iget ja lisab suurt libedust. eemaldades samal ajal laigud. triibud v\u00f5i s\u00f5rmej\u00e4ljed. Seda on t\u00e4iesti ohutu kasutada nii katetel kui ka traditsioonilistel vahadel.<\/p>\n<p>8809432674955<\/p>\n<p>GYEON<\/p>\n","protected":false},"excerpt":{"rendered":"<p>8809432674955 GYEON<\/p>\n","protected":false},"featured_media":107566,"comment_status":"open","ping_status":"closed","template":"","meta":{"colormag_page_container_layout":"default_layout","colormag_page_sidebar_layout":"default_layout"},"product_brand":[],"product_cat":[108],"product_tag":[],"class_list":{"0":"post-107569","1":"product","2":"type-product","3":"status-publish","4":"has-post-thumbnail","6":"product_cat-misc","8":"first","9":"instock","10":"shipping-taxable","11":"purchasable","12":"product-type-simple"},"_links":{"self":[{"href":"https:\/\/automatic.ee\/ru\/wp-json\/wp\/v2\/product\/107569","targetHints":{"allow":["GET"]}}],"collection":[{"href":"https:\/\/automatic.ee\/ru\/wp-json\/wp\/v2\/product"}],"about":[{"href":"https:\/\/automatic.ee\/ru\/wp-json\/wp\/v2\/types\/product"}],"replies":[{"embeddable":true,"href":"https:\/\/automatic.ee\/ru\/wp-json\/wp\/v2\/comments?post=107569"}],"wp:featuredmedia":[{"embeddable":true,"href":"https:\/\/automatic.ee\/ru\/wp-json\/wp\/v2\/media\/107566"}],"wp:attachment":[{"href":"https:\/\/automatic.ee\/ru\/wp-json\/wp\/v2\/media?parent=107569"}],"wp:term":[{"taxonomy":"product_brand","embeddable":true,"href":"https:\/\/automatic.ee\/ru\/wp-json\/wp\/v2\/product_brand?post=107569"},{"taxonomy":"product_cat","embeddable":true,"href":"https:\/\/automatic.ee\/ru\/wp-json\/wp\/v2\/product_cat?post=107569"},{"taxonomy":"product_tag","embeddable":true,"href":"https:\/\/automatic.ee\/ru\/wp-json\/wp\/v2\/product_tag?post=107569"}],"curies":[{"name":"wp","href":"https:\/\/api.w.org\/{rel}","templated":true}]}}