{"id":107561,"date":"2025-11-04T04:30:28","date_gmt":"2025-11-04T02:30:28","guid":{"rendered":"https:\/\/automatic.ee\/toode\/gyeon-mikrokiust-kinnas\/"},"modified":"2025-11-04T04:30:28","modified_gmt":"2025-11-04T02:30:28","slug":"gyeon-mikrokiust-kinnas","status":"publish","type":"product","link":"https:\/\/automatic.ee\/ru\/toode\/gyeon-mikrokiust-kinnas\/","title":{"rendered":"GYEON MIKROKIUST KINNAS"},"content":{"rendered":"<p>Selle peamised omadused &#8212; ohutus. pehmus ja mugavus &#8212; pikendavad uuendusliku kiut\u00fc\u00fcbi t\u00f5ttu vastupidavust. Q\u00b2M Smoothie libiseb \u00fcle pinna. kogudes mustuseosakesi v\u00f5imalikult ohutul viisil. Pesuprotsess tundub olevat \u201e\u00f5litatud\u201d ja sujuvam. Mitt on varustatud ergonoomilise voldiga. mis kaitseb seda libisemise v\u00f5i kukkumise eest. See on valmistatud ehtsast Korea materjalist ja Gyeoni \u00f5mmeldud eritellimusel.<\/p>\n","protected":false},"excerpt":{"rendered":"<p>8809432675303 GYEON<\/p>\n","protected":false},"featured_media":107558,"comment_status":"open","ping_status":"closed","template":"","meta":{"colormag_page_container_layout":"default_layout","colormag_page_sidebar_layout":"default_layout"},"product_brand":[],"product_cat":[108],"product_tag":[],"class_list":{"0":"post-107561","1":"product","2":"type-product","3":"status-publish","4":"has-post-thumbnail","6":"product_cat-misc","8":"first","9":"instock","10":"shipping-taxable","11":"purchasable","12":"product-type-simple"},"_links":{"self":[{"href":"https:\/\/automatic.ee\/ru\/wp-json\/wp\/v2\/product\/107561","targetHints":{"allow":["GET"]}}],"collection":[{"href":"https:\/\/automatic.ee\/ru\/wp-json\/wp\/v2\/product"}],"about":[{"href":"https:\/\/automatic.ee\/ru\/wp-json\/wp\/v2\/types\/product"}],"replies":[{"embeddable":true,"href":"https:\/\/automatic.ee\/ru\/wp-json\/wp\/v2\/comments?post=107561"}],"wp:featuredmedia":[{"embeddable":true,"href":"https:\/\/automatic.ee\/ru\/wp-json\/wp\/v2\/media\/107558"}],"wp:attachment":[{"href":"https:\/\/automatic.ee\/ru\/wp-json\/wp\/v2\/media?parent=107561"}],"wp:term":[{"taxonomy":"product_brand","embeddable":true,"href":"https:\/\/automatic.ee\/ru\/wp-json\/wp\/v2\/product_brand?post=107561"},{"taxonomy":"product_cat","embeddable":true,"href":"https:\/\/automatic.ee\/ru\/wp-json\/wp\/v2\/product_cat?post=107561"},{"taxonomy":"product_tag","embeddable":true,"href":"https:\/\/automatic.ee\/ru\/wp-json\/wp\/v2\/product_tag?post=107561"}],"curies":[{"name":"wp","href":"https:\/\/api.w.org\/{rel}","templated":true}]}}