{"id":107557,"date":"2025-11-04T04:30:25","date_gmt":"2025-11-04T02:30:25","guid":{"rendered":"https:\/\/automatic.ee\/toode\/gyeon-sisepuhastaja-500ml\/"},"modified":"2025-11-04T04:30:25","modified_gmt":"2025-11-04T02:30:25","slug":"gyeon-sisepuhastaja-500ml","status":"publish","type":"product","link":"https:\/\/automatic.ee\/ru\/toode\/gyeon-sisepuhastaja-500ml\/","title":{"rendered":"GYEON SISEPUHASTAJA 500ml"},"content":{"rendered":"<p>Praegused ajad ning puhastamine on saanud t\u00e4ielikult uue t\u00e4henduse. Puhtus on teemaks rohkem kui kunagi varem ning liigub edasi meie \u00fcmber olevatele asjadele.<\/p>\n","protected":false},"excerpt":{"rendered":"<p>8809432675358 GYEON<\/p>\n","protected":false},"featured_media":107554,"comment_status":"open","ping_status":"closed","template":"","meta":{"colormag_page_container_layout":"default_layout","colormag_page_sidebar_layout":"default_layout"},"product_brand":[],"product_cat":[108],"product_tag":[],"class_list":{"0":"post-107557","1":"product","2":"type-product","3":"status-publish","4":"has-post-thumbnail","6":"product_cat-misc","8":"first","9":"instock","10":"shipping-taxable","11":"purchasable","12":"product-type-simple"},"_links":{"self":[{"href":"https:\/\/automatic.ee\/ru\/wp-json\/wp\/v2\/product\/107557","targetHints":{"allow":["GET"]}}],"collection":[{"href":"https:\/\/automatic.ee\/ru\/wp-json\/wp\/v2\/product"}],"about":[{"href":"https:\/\/automatic.ee\/ru\/wp-json\/wp\/v2\/types\/product"}],"replies":[{"embeddable":true,"href":"https:\/\/automatic.ee\/ru\/wp-json\/wp\/v2\/comments?post=107557"}],"wp:featuredmedia":[{"embeddable":true,"href":"https:\/\/automatic.ee\/ru\/wp-json\/wp\/v2\/media\/107554"}],"wp:attachment":[{"href":"https:\/\/automatic.ee\/ru\/wp-json\/wp\/v2\/media?parent=107557"}],"wp:term":[{"taxonomy":"product_brand","embeddable":true,"href":"https:\/\/automatic.ee\/ru\/wp-json\/wp\/v2\/product_brand?post=107557"},{"taxonomy":"product_cat","embeddable":true,"href":"https:\/\/automatic.ee\/ru\/wp-json\/wp\/v2\/product_cat?post=107557"},{"taxonomy":"product_tag","embeddable":true,"href":"https:\/\/automatic.ee\/ru\/wp-json\/wp\/v2\/product_tag?post=107557"}],"curies":[{"name":"wp","href":"https:\/\/api.w.org\/{rel}","templated":true}]}}