{"id":107497,"date":"2025-11-04T04:29:17","date_gmt":"2025-11-04T02:29:17","guid":{"rendered":"https:\/\/automatic.ee\/toode\/keraam-vaha-ja-puh-vahend-400ml\/"},"modified":"2025-11-04T04:29:17","modified_gmt":"2025-11-04T02:29:17","slug":"keraam-vaha-ja-puh-vahend-400ml","status":"publish","type":"product","link":"https:\/\/automatic.ee\/ru\/toode\/keraam-vaha-ja-puh-vahend-400ml\/","title":{"rendered":"KERAAM.VAHA- JA PUH.VAHEND 400ML"},"content":{"rendered":"<p>Lihtne kasutadaQ\u00b2M CeramicDetailer ei erine \u00fclikuulsast Q\u00b2M QuickDetailer kiirpuhastusvahendist kasutuse poolest. Toodet saab kasutada kuival kui ka m\u00e4rjal v\u00e4rvkattel. M\u00e4rjal v\u00e4rvkattel aitab pinda kuivatada. Toodet saab kasutada keraamilise kaitsega s\u00f5idukil, kuid sobiks kasutamiseks ka katmata pinnal.<\/p>\n","protected":false},"excerpt":{"rendered":"<p>8809432678007 GYEON<\/p>\n","protected":false},"featured_media":107494,"comment_status":"open","ping_status":"closed","template":"","meta":{"colormag_page_container_layout":"default_layout","colormag_page_sidebar_layout":"default_layout"},"product_brand":[],"product_cat":[108],"product_tag":[],"class_list":{"0":"post-107497","1":"product","2":"type-product","3":"status-publish","4":"has-post-thumbnail","6":"product_cat-misc","8":"first","9":"instock","10":"shipping-taxable","11":"purchasable","12":"product-type-simple"},"_links":{"self":[{"href":"https:\/\/automatic.ee\/ru\/wp-json\/wp\/v2\/product\/107497","targetHints":{"allow":["GET"]}}],"collection":[{"href":"https:\/\/automatic.ee\/ru\/wp-json\/wp\/v2\/product"}],"about":[{"href":"https:\/\/automatic.ee\/ru\/wp-json\/wp\/v2\/types\/product"}],"replies":[{"embeddable":true,"href":"https:\/\/automatic.ee\/ru\/wp-json\/wp\/v2\/comments?post=107497"}],"wp:featuredmedia":[{"embeddable":true,"href":"https:\/\/automatic.ee\/ru\/wp-json\/wp\/v2\/media\/107494"}],"wp:attachment":[{"href":"https:\/\/automatic.ee\/ru\/wp-json\/wp\/v2\/media?parent=107497"}],"wp:term":[{"taxonomy":"product_brand","embeddable":true,"href":"https:\/\/automatic.ee\/ru\/wp-json\/wp\/v2\/product_brand?post=107497"},{"taxonomy":"product_cat","embeddable":true,"href":"https:\/\/automatic.ee\/ru\/wp-json\/wp\/v2\/product_cat?post=107497"},{"taxonomy":"product_tag","embeddable":true,"href":"https:\/\/automatic.ee\/ru\/wp-json\/wp\/v2\/product_tag?post=107497"}],"curies":[{"name":"wp","href":"https:\/\/api.w.org\/{rel}","templated":true}]}}