{"id":107429,"date":"2025-11-04T04:24:06","date_gmt":"2025-11-04T02:24:06","guid":{"rendered":"https:\/\/automatic.ee\/toode\/katuseboks-satellite-550-black-duo\/"},"modified":"2025-11-04T04:24:06","modified_gmt":"2025-11-04T02:24:06","slug":"katuseboks-satellite-550-black-duo","status":"publish","type":"product","link":"https:\/\/automatic.ee\/ru\/toode\/katuseboks-satellite-550-black-duo\/","title":{"rendered":"KATUSEBOKS SATELLITE 550 BLACK DUO"},"content":{"rendered":"<p>Elegantne ja aerod\u00fcnaamiline katuseboks, mis on varustatud topeltlukustuva vargusvastase s\u00fcsteemiga, mis v\u00f5imaldab lukku eemaldada ainult siis, kui kaas on t\u00e4ielikult suletud. Kiirkinnituss\u00fcsteem katuselattide sees, kasutades \u201cT\u201d kruvisid. Maksimaalne kandev\u00f5ime 75kg , sisemaht 550lt .<\/p>\n<p>Avamine m\u00f5lemalt k\u00fcljelt.<\/p>\n","protected":false},"excerpt":{"rendered":"<p>910-14290<\/p>\n","protected":false},"featured_media":107426,"comment_status":"open","ping_status":"closed","template":"","meta":{"colormag_page_container_layout":"default_layout","colormag_page_sidebar_layout":"default_layout"},"product_brand":[],"product_cat":[136],"product_tag":[],"class_list":{"0":"post-107429","1":"product","2":"type-product","3":"status-publish","4":"has-post-thumbnail","6":"product_cat-lisavarustus","8":"first","9":"instock","10":"shipping-taxable","11":"purchasable","12":"product-type-simple"},"_links":{"self":[{"href":"https:\/\/automatic.ee\/ru\/wp-json\/wp\/v2\/product\/107429","targetHints":{"allow":["GET"]}}],"collection":[{"href":"https:\/\/automatic.ee\/ru\/wp-json\/wp\/v2\/product"}],"about":[{"href":"https:\/\/automatic.ee\/ru\/wp-json\/wp\/v2\/types\/product"}],"replies":[{"embeddable":true,"href":"https:\/\/automatic.ee\/ru\/wp-json\/wp\/v2\/comments?post=107429"}],"wp:featuredmedia":[{"embeddable":true,"href":"https:\/\/automatic.ee\/ru\/wp-json\/wp\/v2\/media\/107426"}],"wp:attachment":[{"href":"https:\/\/automatic.ee\/ru\/wp-json\/wp\/v2\/media?parent=107429"}],"wp:term":[{"taxonomy":"product_brand","embeddable":true,"href":"https:\/\/automatic.ee\/ru\/wp-json\/wp\/v2\/product_brand?post=107429"},{"taxonomy":"product_cat","embeddable":true,"href":"https:\/\/automatic.ee\/ru\/wp-json\/wp\/v2\/product_cat?post=107429"},{"taxonomy":"product_tag","embeddable":true,"href":"https:\/\/automatic.ee\/ru\/wp-json\/wp\/v2\/product_tag?post=107429"}],"curies":[{"name":"wp","href":"https:\/\/api.w.org\/{rel}","templated":true}]}}