{"id":107425,"date":"2025-11-04T04:24:03","date_gmt":"2025-11-04T02:24:03","guid":{"rendered":"https:\/\/automatic.ee\/toode\/katuseboks-diamond-500l-valge\/"},"modified":"2025-11-04T04:24:03","modified_gmt":"2025-11-04T02:24:03","slug":"katuseboks-diamond-500l-valge","status":"publish","type":"product","link":"https:\/\/automatic.ee\/ru\/toode\/katuseboks-diamond-500l-valge\/","title":{"rendered":"KATUSEBOKS DIAMOND 500L VALGE"},"content":{"rendered":"<p>M\u00f5\u00f5dud 209x79x36,6cm. Kaal 16,4 kg. Valge. Avanev \u00fchelt poolt.<\/p>\n","protected":false},"excerpt":{"rendered":"<p>910-DIAMOND500V<\/p>\n","protected":false},"featured_media":107422,"comment_status":"open","ping_status":"closed","template":"","meta":{"colormag_page_container_layout":"default_layout","colormag_page_sidebar_layout":"default_layout"},"product_brand":[],"product_cat":[136],"product_tag":[],"class_list":{"0":"post-107425","1":"product","2":"type-product","3":"status-publish","4":"has-post-thumbnail","6":"product_cat-lisavarustus","8":"first","9":"instock","10":"shipping-taxable","11":"purchasable","12":"product-type-simple"},"_links":{"self":[{"href":"https:\/\/automatic.ee\/ru\/wp-json\/wp\/v2\/product\/107425","targetHints":{"allow":["GET"]}}],"collection":[{"href":"https:\/\/automatic.ee\/ru\/wp-json\/wp\/v2\/product"}],"about":[{"href":"https:\/\/automatic.ee\/ru\/wp-json\/wp\/v2\/types\/product"}],"replies":[{"embeddable":true,"href":"https:\/\/automatic.ee\/ru\/wp-json\/wp\/v2\/comments?post=107425"}],"wp:featuredmedia":[{"embeddable":true,"href":"https:\/\/automatic.ee\/ru\/wp-json\/wp\/v2\/media\/107422"}],"wp:attachment":[{"href":"https:\/\/automatic.ee\/ru\/wp-json\/wp\/v2\/media?parent=107425"}],"wp:term":[{"taxonomy":"product_brand","embeddable":true,"href":"https:\/\/automatic.ee\/ru\/wp-json\/wp\/v2\/product_brand?post=107425"},{"taxonomy":"product_cat","embeddable":true,"href":"https:\/\/automatic.ee\/ru\/wp-json\/wp\/v2\/product_cat?post=107425"},{"taxonomy":"product_tag","embeddable":true,"href":"https:\/\/automatic.ee\/ru\/wp-json\/wp\/v2\/product_tag?post=107425"}],"curies":[{"name":"wp","href":"https:\/\/api.w.org\/{rel}","templated":true}]}}