{"id":107397,"date":"2025-11-04T04:23:34","date_gmt":"2025-11-04T02:23:34","guid":{"rendered":"https:\/\/automatic.ee\/toode\/velocompact-3-7-pin\/"},"modified":"2025-11-04T04:23:34","modified_gmt":"2025-11-04T02:23:34","slug":"velocompact-3-7-pin","status":"publish","type":"product","link":"https:\/\/automatic.ee\/ru\/toode\/velocompact-3-7-pin\/","title":{"rendered":"VeloCompact 3 (7 pin)"},"content":{"rendered":"<div>\n<div>Thule VeloCompact 3 7-pin<\/div>\n<div>Kerge ja kompaktne jalgrattahoidik igap\u00e4evaseks kasutuseks (3\u20134 jalgratta jaoks).<\/div>\n<\/div>\n<p>T\u00e4nu haakekonksukinnituse stabiilsusele saab jalgrattahoidikut enne pingutusk\u00e4epideme sulgemist h\u00f5lpsasti kinnitada ja reguleerida <\/p>\n<div>Neljanda jalgratta adapteri kasutamisel on v\u00f5imalik hoidikule mahutada neli jalgratast <\/div>\n<div>H\u00f5lbus jalgrataste kinnitamine eemaldatavate ja lukustatavate nuppudega rattahoidikute abil <\/div>\n<div>T\u00e4nu \u00fche toiminguga pikendatavatele rattahoidikutele saab transportida ka laiema teljevahega jalgrattaid <\/div>\n<div>Nutika jalapedaaliga kallutuse abil p\u00e4\u00e4seb pakiruumile h\u00f5lpsalt ligi ka siis, kui jalgrattad on hoidikule kinnitatud <\/div>\n<div>Pikad pumppannaldega rattarihmad rataste mugavaks kinnitamiseks <\/div>\n<div>Lihtne hoiule panemiseks kokku klappida \u2013 mahub peaaegu igasse pakiruumi <\/div>\n<div>Lukustab jalgrattad jalgrattahoidiku k\u00fclge ja jalgrattahoidiku haakekonksu k\u00fclge (lukud on komplektis) <\/div>\n<div>Eelnevalt kokku pandud, \u00fchtki t\u00f6\u00f6riista pole vaja<\/div>\n<div><\/div>\n<div><\/div>\n<p>T\u00e4iendav informatsioon: <span class=\"redactor-invisible-space\"><\/span><a href=\"https:\/\/www.thule.com\/et-ee\/bike-rack\/towbar-bike-racks\/thule-velocompact-2-13-pin-_-924\">Thule VeloCompact 7-pin | Thule<\/a><\/p>\n","protected":false},"excerpt":{"rendered":"<p>927<\/p>\n","protected":false},"featured_media":107394,"comment_status":"open","ping_status":"closed","template":"","meta":{"colormag_page_container_layout":"default_layout","colormag_page_sidebar_layout":"default_layout"},"product_brand":[],"product_cat":[108],"product_tag":[],"class_list":{"0":"post-107397","1":"product","2":"type-product","3":"status-publish","4":"has-post-thumbnail","6":"product_cat-misc","8":"first","9":"instock","10":"shipping-taxable","11":"purchasable","12":"product-type-simple"},"_links":{"self":[{"href":"https:\/\/automatic.ee\/ru\/wp-json\/wp\/v2\/product\/107397","targetHints":{"allow":["GET"]}}],"collection":[{"href":"https:\/\/automatic.ee\/ru\/wp-json\/wp\/v2\/product"}],"about":[{"href":"https:\/\/automatic.ee\/ru\/wp-json\/wp\/v2\/types\/product"}],"replies":[{"embeddable":true,"href":"https:\/\/automatic.ee\/ru\/wp-json\/wp\/v2\/comments?post=107397"}],"wp:featuredmedia":[{"embeddable":true,"href":"https:\/\/automatic.ee\/ru\/wp-json\/wp\/v2\/media\/107394"}],"wp:attachment":[{"href":"https:\/\/automatic.ee\/ru\/wp-json\/wp\/v2\/media?parent=107397"}],"wp:term":[{"taxonomy":"product_brand","embeddable":true,"href":"https:\/\/automatic.ee\/ru\/wp-json\/wp\/v2\/product_brand?post=107397"},{"taxonomy":"product_cat","embeddable":true,"href":"https:\/\/automatic.ee\/ru\/wp-json\/wp\/v2\/product_cat?post=107397"},{"taxonomy":"product_tag","embeddable":true,"href":"https:\/\/automatic.ee\/ru\/wp-json\/wp\/v2\/product_tag?post=107397"}],"curies":[{"name":"wp","href":"https:\/\/api.w.org\/{rel}","templated":true}]}}