{"id":107309,"date":"2025-11-04T04:22:28","date_gmt":"2025-11-04T02:22:28","guid":{"rendered":"https:\/\/automatic.ee\/toode\/ohuke-laetav-led-toolamp-410lum-king-tony\/"},"modified":"2025-11-04T04:22:28","modified_gmt":"2025-11-04T02:22:28","slug":"ohuke-laetav-led-toolamp-410lum-king-tony","status":"publish","type":"product","link":"https:\/\/automatic.ee\/ru\/toode\/ohuke-laetav-led-toolamp-410lum-king-tony\/","title":{"rendered":"\u00d5HUKE LAETAV LED T\u00d6\u00d6LAMP 410lum &#8212; KING TONY"},"content":{"rendered":"<ul>\n<li>Heledus &#8212; t\u00f6\u00f6valgus: 600\/250 luumenit (lm), \u00fclemine valgus: 120 luumenit (lm), valge: 6500K<\/li>\n<li>Materjalid: ABS plastik + kummist korpus + arvutil\u00e4\u00e4ts + \u00f5huke alumiiniumist korpus<\/li>\n<li>120 \u00b0 nurga p\u00f6\u00f6rlemine ja magnetiline alus<\/li>\n<li>Laetav aku: 3,7V &#8212; 2600mAh liitiumioon<\/li>\n<li>Re\u017eiimide vahetamine:\n<ul>\n<li>\u00dclemine valgus<\/li>\n<li>T\u00f6\u00f6valgus madal<\/li>\n<li>T\u00f6\u00f6valgus k\u00f5rge<\/li>\n<\/ul>\n<\/li>\n<li>Lisaseade: USB-kaabel ja laadija<\/li>\n<li>3 tundi j\u00e4rjest k\u00f5rge t\u00f6\u00f6 valguse korral ja 6 tundi madala t\u00f6\u00f6 valguse korral<\/li>\n<li>Laadimisajad: 4 tundi<\/li>\n<li>IP54 vee- ja tolmukindel<\/li>\n<li>IK07 vandaalikindel<\/li>\n<\/ul>\n","protected":false},"excerpt":{"rendered":"<p>9TA261<\/p>\n","protected":false},"featured_media":107306,"comment_status":"open","ping_status":"closed","template":"","meta":{"colormag_page_container_layout":"default_layout","colormag_page_sidebar_layout":"default_layout"},"product_brand":[],"product_cat":[127,142],"product_tag":[],"class_list":{"0":"post-107309","1":"product","2":"type-product","3":"status-publish","4":"has-post-thumbnail","6":"product_cat-toolambid-prozektorid","7":"product_cat-tooriistad","9":"first","10":"instock","11":"shipping-taxable","12":"purchasable","13":"product-type-simple"},"_links":{"self":[{"href":"https:\/\/automatic.ee\/ru\/wp-json\/wp\/v2\/product\/107309","targetHints":{"allow":["GET"]}}],"collection":[{"href":"https:\/\/automatic.ee\/ru\/wp-json\/wp\/v2\/product"}],"about":[{"href":"https:\/\/automatic.ee\/ru\/wp-json\/wp\/v2\/types\/product"}],"replies":[{"embeddable":true,"href":"https:\/\/automatic.ee\/ru\/wp-json\/wp\/v2\/comments?post=107309"}],"wp:featuredmedia":[{"embeddable":true,"href":"https:\/\/automatic.ee\/ru\/wp-json\/wp\/v2\/media\/107306"}],"wp:attachment":[{"href":"https:\/\/automatic.ee\/ru\/wp-json\/wp\/v2\/media?parent=107309"}],"wp:term":[{"taxonomy":"product_brand","embeddable":true,"href":"https:\/\/automatic.ee\/ru\/wp-json\/wp\/v2\/product_brand?post=107309"},{"taxonomy":"product_cat","embeddable":true,"href":"https:\/\/automatic.ee\/ru\/wp-json\/wp\/v2\/product_cat?post=107309"},{"taxonomy":"product_tag","embeddable":true,"href":"https:\/\/automatic.ee\/ru\/wp-json\/wp\/v2\/product_tag?post=107309"}],"curies":[{"name":"wp","href":"https:\/\/api.w.org\/{rel}","templated":true}]}}