{"id":106477,"date":"2025-11-04T04:08:40","date_gmt":"2025-11-04T02:08:40","guid":{"rendered":"https:\/\/automatic.ee\/toode\/nahapuhastusvahend\/"},"modified":"2025-11-04T04:08:40","modified_gmt":"2025-11-04T02:08:40","slug":"nahapuhastusvahend","status":"publish","type":"product","link":"https:\/\/automatic.ee\/ru\/toode\/nahapuhastusvahend\/","title":{"rendered":"Nahapuhastusvahend"},"content":{"rendered":"<p>Leather Clean (LC) on m\u00f5eldud spetsiaalselt nahatoodetelt mustuse ja plekkide eemaldamiseks. See ainulaadne puhastusvahend ei sisalda lahusteid ega abrasiive, seega puhastab see nahka kahjustamata. Leather Clean (LC) eemaldab t\u00f5husalt autode, r\u00f5ivaste ja muude nahktoodete nahksisustusest k\u00f5ige tavalisema mustuse.<\/p>\n<p><\/p>\n<div>Kuidas kasutada:<\/div>\n<div>1. Enne kasutamist raputage Leather Clean (LC) pudelit p\u00f5hjalikult. 2. Kandke Leather Clean (LC) vahustusainet kasutades pehmete harjastega k\u00e4snale v\u00f5i harjale. Puhastage v\u00e4ike nahapiirkond ringjate liigutustega k\u00e4sna v\u00f5i pehmete harjastega harjaga. 3. P\u00e4rast puhastamist eemaldage \u00fchend pinnalt puhta veega niisutatud mikrokiudr\u00e4tikuga. 4. T\u00f6\u00f6 l\u00f5pus on soovitatav nahkpindu t\u00f6\u00f6delda nahast (LT) nahast kaitsekreemiga.<\/div>\n","protected":false},"excerpt":{"rendered":"<p>DT-0110 DETAIL<\/p>\n","protected":false},"featured_media":106474,"comment_status":"open","ping_status":"closed","template":"","meta":{"colormag_page_container_layout":"default_layout","colormag_page_sidebar_layout":"default_layout"},"product_brand":[],"product_cat":[162],"product_tag":[],"class_list":{"0":"post-106477","1":"product","2":"type-product","3":"status-publish","4":"has-post-thumbnail","6":"product_cat-grass-keemia-ja-detailing","8":"first","9":"instock","10":"shipping-taxable","11":"purchasable","12":"product-type-simple"},"_links":{"self":[{"href":"https:\/\/automatic.ee\/ru\/wp-json\/wp\/v2\/product\/106477","targetHints":{"allow":["GET"]}}],"collection":[{"href":"https:\/\/automatic.ee\/ru\/wp-json\/wp\/v2\/product"}],"about":[{"href":"https:\/\/automatic.ee\/ru\/wp-json\/wp\/v2\/types\/product"}],"replies":[{"embeddable":true,"href":"https:\/\/automatic.ee\/ru\/wp-json\/wp\/v2\/comments?post=106477"}],"wp:featuredmedia":[{"embeddable":true,"href":"https:\/\/automatic.ee\/ru\/wp-json\/wp\/v2\/media\/106474"}],"wp:attachment":[{"href":"https:\/\/automatic.ee\/ru\/wp-json\/wp\/v2\/media?parent=106477"}],"wp:term":[{"taxonomy":"product_brand","embeddable":true,"href":"https:\/\/automatic.ee\/ru\/wp-json\/wp\/v2\/product_brand?post=106477"},{"taxonomy":"product_cat","embeddable":true,"href":"https:\/\/automatic.ee\/ru\/wp-json\/wp\/v2\/product_cat?post=106477"},{"taxonomy":"product_tag","embeddable":true,"href":"https:\/\/automatic.ee\/ru\/wp-json\/wp\/v2\/product_tag?post=106477"}],"curies":[{"name":"wp","href":"https:\/\/api.w.org\/{rel}","templated":true}]}}