{"id":106473,"date":"2025-11-04T04:08:33","date_gmt":"2025-11-04T02:08:33","guid":{"rendered":"https:\/\/automatic.ee\/toode\/plastic-sisepuhast-vahend-500ml\/"},"modified":"2025-11-04T04:08:33","modified_gmt":"2025-11-04T02:08:33","slug":"plastic-sisepuhast-vahend-500ml","status":"publish","type":"product","link":"https:\/\/automatic.ee\/ru\/toode\/plastic-sisepuhast-vahend-500ml\/","title":{"rendered":"PLASTIC SISEPUHAST.VAHEND 500ML"},"content":{"rendered":"<p>Poleerimisaine PL &#171;Plastic&#187; 500 ml<\/p>\n<div>Kompositsioon s\u00f5itjateruumi plastpindade hooldamiseks<\/div>\n<div>Plastist (PL) poleerimisvahend annab pinnale matt loomuliku v\u00e4limuse, kaitseb pleekimise ja deformatsiooni eest ning toimib antistaatilisena.<\/div>\n<p><\/p>\n<div>Kuidas kasutada:<\/div>\n<p>1. Puhastage pind vastavalt juhistele lahjendatud Ultra Clean (UC) v\u00f5i Multi Cleaneriga (MU). 2. Leotage mikrokiust aplikaatorit v\u00f5i mikrokiudr\u00e4tikut plastikuga (PL). 3. Kandke \u00fchend \u00fchtlaselt t\u00f6\u00f6deldavale pinnale. 4. Laske segul loomulikult kuivada, seej\u00e4rel eemaldage liigne koostis mikrokiudr\u00e4tikuga.<\/p>\n","protected":false},"excerpt":{"rendered":"<p>DT-0112<\/p>\n","protected":false},"featured_media":106470,"comment_status":"open","ping_status":"closed","template":"","meta":{"colormag_page_container_layout":"default_layout","colormag_page_sidebar_layout":"default_layout"},"product_brand":[],"product_cat":[128,162],"product_tag":[],"class_list":{"0":"post-106473","1":"product","2":"type-product","3":"status-publish","4":"has-post-thumbnail","6":"product_cat-autokeemia","7":"product_cat-grass-keemia-ja-detailing","9":"first","10":"instock","11":"shipping-taxable","12":"purchasable","13":"product-type-simple"},"_links":{"self":[{"href":"https:\/\/automatic.ee\/ru\/wp-json\/wp\/v2\/product\/106473","targetHints":{"allow":["GET"]}}],"collection":[{"href":"https:\/\/automatic.ee\/ru\/wp-json\/wp\/v2\/product"}],"about":[{"href":"https:\/\/automatic.ee\/ru\/wp-json\/wp\/v2\/types\/product"}],"replies":[{"embeddable":true,"href":"https:\/\/automatic.ee\/ru\/wp-json\/wp\/v2\/comments?post=106473"}],"wp:featuredmedia":[{"embeddable":true,"href":"https:\/\/automatic.ee\/ru\/wp-json\/wp\/v2\/media\/106470"}],"wp:attachment":[{"href":"https:\/\/automatic.ee\/ru\/wp-json\/wp\/v2\/media?parent=106473"}],"wp:term":[{"taxonomy":"product_brand","embeddable":true,"href":"https:\/\/automatic.ee\/ru\/wp-json\/wp\/v2\/product_brand?post=106473"},{"taxonomy":"product_cat","embeddable":true,"href":"https:\/\/automatic.ee\/ru\/wp-json\/wp\/v2\/product_cat?post=106473"},{"taxonomy":"product_tag","embeddable":true,"href":"https:\/\/automatic.ee\/ru\/wp-json\/wp\/v2\/product_tag?post=106473"}],"curies":[{"name":"wp","href":"https:\/\/api.w.org\/{rel}","templated":true}]}}