{"id":106469,"date":"2025-11-04T04:08:28","date_gmt":"2025-11-04T02:08:28","guid":{"rendered":"https:\/\/automatic.ee\/toode\/autosampoon-hydro-shampoo-500ml-detail\/"},"modified":"2025-11-04T04:08:28","modified_gmt":"2025-11-04T02:08:28","slug":"autosampoon-hydro-shampoo-500ml-detail","status":"publish","type":"product","link":"https:\/\/automatic.ee\/ru\/toode\/autosampoon-hydro-shampoo-500ml-detail\/","title":{"rendered":"Auto\u0161ampoon HYDRO SHAMPOO 500ml DETAIL"},"content":{"rendered":"<p>\u0160ampoon k\u00e4sitsi pesemiseks, mis annab h\u00fcdrofoobse efekti. Hydro Shampoo (HS) v\u00f5imaldab teil p\u00e4rast esmast pesemist Active Safe (AS) \u0161ampooniga hoolikalt eemaldada staatilise mustuse ilma v\u00e4rvikihti mehaaniliselt v\u00f5i keemiliselt kahjustamata. Lahjendamine vahtpihustiga 100-150 ml \/ 1 l.<\/p>\n<p>M\u00e4\u00e4rige veega lahjendatud auto (HS) \u0161ampooniga, mida on eelnevalt t\u00f6\u00f6deldud Active Safe (AS) v\u00f5i Ultra Safe (USA). M\u00e4\u00e4rimiseks kasutage vahtkomplekti &#8212; lahjendusaste on 100-150 ml \/ l vahukomplekti. \/ 2. Levitage autot j\u00e4meda k\u00e4sna v\u00f5i mikrokiust labakikindaga, liikudes j\u00e4rk-j\u00e4rgult keha \u00fclemistest osadest alumistele. Loputage k\u00e4sna v\u00f5i labakinda perioodiliselt puhta veega \u00e4mbriga. \/ 3. Loputage veega, kasutades AED-d. Enne lahjendamist loksutage korralikult!<\/p>\n<p>DT-0115<\/p>\n<p>DETAIL<\/p>\n<p>Auto\u0161ampoon<\/p>\n","protected":false},"excerpt":{"rendered":"<p>DT-0115<\/p>\n","protected":false},"featured_media":106466,"comment_status":"open","ping_status":"closed","template":"","meta":{"colormag_page_container_layout":"default_layout","colormag_page_sidebar_layout":"default_layout"},"product_brand":[],"product_cat":[162],"product_tag":[],"class_list":{"0":"post-106469","1":"product","2":"type-product","3":"status-publish","4":"has-post-thumbnail","6":"product_cat-grass-keemia-ja-detailing","8":"first","9":"instock","10":"shipping-taxable","11":"purchasable","12":"product-type-simple"},"_links":{"self":[{"href":"https:\/\/automatic.ee\/ru\/wp-json\/wp\/v2\/product\/106469","targetHints":{"allow":["GET"]}}],"collection":[{"href":"https:\/\/automatic.ee\/ru\/wp-json\/wp\/v2\/product"}],"about":[{"href":"https:\/\/automatic.ee\/ru\/wp-json\/wp\/v2\/types\/product"}],"replies":[{"embeddable":true,"href":"https:\/\/automatic.ee\/ru\/wp-json\/wp\/v2\/comments?post=106469"}],"wp:featuredmedia":[{"embeddable":true,"href":"https:\/\/automatic.ee\/ru\/wp-json\/wp\/v2\/media\/106466"}],"wp:attachment":[{"href":"https:\/\/automatic.ee\/ru\/wp-json\/wp\/v2\/media?parent=106469"}],"wp:term":[{"taxonomy":"product_brand","embeddable":true,"href":"https:\/\/automatic.ee\/ru\/wp-json\/wp\/v2\/product_brand?post=106469"},{"taxonomy":"product_cat","embeddable":true,"href":"https:\/\/automatic.ee\/ru\/wp-json\/wp\/v2\/product_cat?post=106469"},{"taxonomy":"product_tag","embeddable":true,"href":"https:\/\/automatic.ee\/ru\/wp-json\/wp\/v2\/product_tag?post=106469"}],"curies":[{"name":"wp","href":"https:\/\/api.w.org\/{rel}","templated":true}]}}