{"id":106465,"date":"2025-11-04T04:08:23","date_gmt":"2025-11-04T02:08:23","guid":{"rendered":"https:\/\/automatic.ee\/toode\/keraamiline-kaitse-50ml\/"},"modified":"2025-11-04T04:08:23","modified_gmt":"2025-11-04T02:08:23","slug":"keraamiline-kaitse-50ml","status":"publish","type":"product","link":"https:\/\/automatic.ee\/ru\/toode\/keraamiline-kaitse-50ml\/","title":{"rendered":"KERAAMILINE KAITSE 50ML"},"content":{"rendered":"<p>Keraamiline kehakaitse, mis lisab s\u00e4ra ja h\u00fcdrofoobseid omadusi. General Quartz pakub t\u00e4nu SiO2 sisaldusele k\u00f5ige usaldusv\u00e4\u00e4rsemat v\u00e4rvikaitset, aga ka peegels\u00e4ra, v\u00e4rvis\u00fcgavust ja kauakestvaid h\u00fcdrofoobseid omadusi. Garanteeritud auto kere kaitse kuni 2 aastat.<\/p>\n<p>Kasutusviis: 1. Valmistage auto poleerimiseks ette. 2. Tehke LKP Poleerimine. 3. Soovitatav temperatuur on 22\u00b0C, niiskus &lt; 60%. Kandke re mikrokiududele ja levitage \u00fchend sirgjooneliste liigutustega pinnale. 4. Eemaldage liigne mikrokiud, valgustades laternaga. Oluline on v\u00e4ltida lahutusi. 5. Oodake 2-5 minutit enne GQ pealekandmist. 6. Kinnitage AC salvr\u00e4tik aplikaatorile ja kandke GQ. 7. Kandke kompositsioon t\u00fckile liigutustega keskelt vasakule, keskelt paremale ja katke alt \u00fcles. 8. Oodake 2 minutit. Pind peaks h\u00e4gustuma.9. Mikrokiud laotage pind sirgjooneliste liigutustega. Kasutage laternat, \u00e4rge lubage lahutust. 10. Efekti parandamiseks on lubatud rakendada 2 kihti mitte varem kui 1 tunni p\u00e4rast. 11. IR-kuivatamine soojendage autot \u00fcksikasjalikult. Kuumutamistemperatuur 70\u00b0C, ooteaeg 10-15 minutit. 12 tunni p\u00e4rast saate auto \u00e4ra anda. Ilma IR-kuivatamiseta peaks auto seisma soojas ja kuivas ruumis 24 tundi.<\/p>\n","protected":false},"excerpt":{"rendered":"<p>DT-0117<\/p>\n","protected":false},"featured_media":106462,"comment_status":"open","ping_status":"closed","template":"","meta":{"colormag_page_container_layout":"default_layout","colormag_page_sidebar_layout":"default_layout"},"product_brand":[],"product_cat":[128,162],"product_tag":[],"class_list":{"0":"post-106465","1":"product","2":"type-product","3":"status-publish","4":"has-post-thumbnail","6":"product_cat-autokeemia","7":"product_cat-grass-keemia-ja-detailing","9":"first","10":"instock","11":"shipping-taxable","12":"purchasable","13":"product-type-simple"},"_links":{"self":[{"href":"https:\/\/automatic.ee\/ru\/wp-json\/wp\/v2\/product\/106465","targetHints":{"allow":["GET"]}}],"collection":[{"href":"https:\/\/automatic.ee\/ru\/wp-json\/wp\/v2\/product"}],"about":[{"href":"https:\/\/automatic.ee\/ru\/wp-json\/wp\/v2\/types\/product"}],"replies":[{"embeddable":true,"href":"https:\/\/automatic.ee\/ru\/wp-json\/wp\/v2\/comments?post=106465"}],"wp:featuredmedia":[{"embeddable":true,"href":"https:\/\/automatic.ee\/ru\/wp-json\/wp\/v2\/media\/106462"}],"wp:attachment":[{"href":"https:\/\/automatic.ee\/ru\/wp-json\/wp\/v2\/media?parent=106465"}],"wp:term":[{"taxonomy":"product_brand","embeddable":true,"href":"https:\/\/automatic.ee\/ru\/wp-json\/wp\/v2\/product_brand?post=106465"},{"taxonomy":"product_cat","embeddable":true,"href":"https:\/\/automatic.ee\/ru\/wp-json\/wp\/v2\/product_cat?post=106465"},{"taxonomy":"product_tag","embeddable":true,"href":"https:\/\/automatic.ee\/ru\/wp-json\/wp\/v2\/product_tag?post=106465"}],"curies":[{"name":"wp","href":"https:\/\/api.w.org\/{rel}","templated":true}]}}