{"id":106457,"date":"2025-11-04T04:08:13","date_gmt":"2025-11-04T02:08:13","guid":{"rendered":"https:\/\/automatic.ee\/toode\/klaasipuhastusvaha-glass-clean-250ml-detail\/"},"modified":"2025-11-04T04:08:13","modified_gmt":"2025-11-04T02:08:13","slug":"klaasipuhastusvaha-glass-clean-250ml-detail","status":"publish","type":"product","link":"https:\/\/automatic.ee\/ru\/toode\/klaasipuhastusvaha-glass-clean-250ml-detail\/","title":{"rendered":"Klaasipuhastusvaha GLASS CLEAN 250ml DETAIL"},"content":{"rendered":"<p>Glass Clean (GL) on klaasipinnale ohutu. Eemaldab orgaanilised ja anorgaanilised naastud, sealhulgas kaltsiumi ja katlakivi ladestused. Tagab t\u00e4iusliku puhtuse ja n\u00e4htavuse: st maksimaalse ohutuse samal ajal s\u00f5idu. Glass Clean (GL) on v\u00e4ga soovitatav klaasi s\u00fcgavaks puhastamiseks enne klaaskihi (GC) ja nanoklaasi (NG) h\u00fcdrofoobse katte pealekandmist &#8212; see pikendab preparaatide eluiga 2-3 korda.<\/p>\n<p><\/p>\n<div>Kuidas kasutada:<\/div>\n<p>1. Tehke autokere kahefaasiline pesu eelpesuvahendiga (Active Safe (AS) v\u00f5i Ultra Safe (USA)) ja k\u00e4sipesu\u0161ampooniga (Second Phase (SP) v\u00f5i Acid Shampoo (AD)). Kuivatage klaasi pind kergelt, j\u00e4ttes selle veidi m\u00e4rjaks. 2. Kandke v\u00e4ike kogus toodet k\u00e4sna aplikaatorile ja kasutage seda segu p\u00f5hjalikult h\u00f5\u00f5rumiseks. T\u00e4helepanu! Klaasipinna puhastamise kvaliteedi kontrollimiseks on vaja l\u00e4bi viia test: valada \u00fchtlaselt .T\u00e4helepanu! Klaasipinna puhastamise kvaliteedi kontrollimiseks on vaja l\u00e4bi viia test: valada vesi \u00fchtlaselt pinnale. Kui vesi katab pinna \u00fche kihiga (kardin), siis klaas on t\u00e4iesti puhas, vastasel juhul tuleb pinda uuesti t\u00f6\u00f6delda. 3. Kui olete l\u00f5petanud, loputage klaasi p\u00f5hjalikult, et eemaldada Glass Cleanist (GL) j\u00e4\u00e4ke.<\/p>\n","protected":false},"excerpt":{"rendered":"<p>DT-0121<\/p>\n","protected":false},"featured_media":106454,"comment_status":"open","ping_status":"closed","template":"","meta":{"colormag_page_container_layout":"default_layout","colormag_page_sidebar_layout":"default_layout"},"product_brand":[],"product_cat":[162],"product_tag":[],"class_list":{"0":"post-106457","1":"product","2":"type-product","3":"status-publish","4":"has-post-thumbnail","6":"product_cat-grass-keemia-ja-detailing","8":"first","9":"instock","10":"shipping-taxable","11":"purchasable","12":"product-type-simple"},"_links":{"self":[{"href":"https:\/\/automatic.ee\/ru\/wp-json\/wp\/v2\/product\/106457","targetHints":{"allow":["GET"]}}],"collection":[{"href":"https:\/\/automatic.ee\/ru\/wp-json\/wp\/v2\/product"}],"about":[{"href":"https:\/\/automatic.ee\/ru\/wp-json\/wp\/v2\/types\/product"}],"replies":[{"embeddable":true,"href":"https:\/\/automatic.ee\/ru\/wp-json\/wp\/v2\/comments?post=106457"}],"wp:featuredmedia":[{"embeddable":true,"href":"https:\/\/automatic.ee\/ru\/wp-json\/wp\/v2\/media\/106454"}],"wp:attachment":[{"href":"https:\/\/automatic.ee\/ru\/wp-json\/wp\/v2\/media?parent=106457"}],"wp:term":[{"taxonomy":"product_brand","embeddable":true,"href":"https:\/\/automatic.ee\/ru\/wp-json\/wp\/v2\/product_brand?post=106457"},{"taxonomy":"product_cat","embeddable":true,"href":"https:\/\/automatic.ee\/ru\/wp-json\/wp\/v2\/product_cat?post=106457"},{"taxonomy":"product_tag","embeddable":true,"href":"https:\/\/automatic.ee\/ru\/wp-json\/wp\/v2\/product_tag?post=106457"}],"curies":[{"name":"wp","href":"https:\/\/api.w.org\/{rel}","templated":true}]}}