{"id":106401,"date":"2025-11-04T04:07:01","date_gmt":"2025-11-04T02:07:01","guid":{"rendered":"https:\/\/automatic.ee\/toode\/pintsel-20-detail\/"},"modified":"2025-11-04T04:07:01","modified_gmt":"2025-11-04T02:07:01","slug":"pintsel-20-detail","status":"publish","type":"product","link":"https:\/\/automatic.ee\/ru\/toode\/pintsel-20-detail\/","title":{"rendered":"Pintsel #20 DETAIL"},"content":{"rendered":"<p>Kunstharjastega hari pindade delikaatseks puhastamiseks raskesti ligip\u00e4\u00e4setavates kohtades. #20 &#8212; l\u00e4bim\u00f5\u00f5t 36 mm.<\/p>\n<p>Pintsel<\/p>\n<p>DT-0343<\/p>\n<p>Detail<\/p>\n<p>Grass<\/p>\n<div>\n<div><span class=\"tw-menu-btn\"><span class=\"tw-menu-btn-image z1asCe A3pMo\"><\/span><\/span><span class=\"fQjaD\"><\/span><span class=\"tw-menu-btn za3ale\"><span class=\"tw-menu-btn-image z1asCe JKu1je\"><\/span><\/span><\/div>\n<\/div>\n","protected":false},"excerpt":{"rendered":"<p>DT-0343<\/p>\n","protected":false},"featured_media":106398,"comment_status":"open","ping_status":"closed","template":"","meta":{"colormag_page_container_layout":"default_layout","colormag_page_sidebar_layout":"default_layout"},"product_brand":[],"product_cat":[162],"product_tag":[],"class_list":{"0":"post-106401","1":"product","2":"type-product","3":"status-publish","4":"has-post-thumbnail","6":"product_cat-grass-keemia-ja-detailing","8":"first","9":"instock","10":"shipping-taxable","11":"purchasable","12":"product-type-simple"},"_links":{"self":[{"href":"https:\/\/automatic.ee\/ru\/wp-json\/wp\/v2\/product\/106401","targetHints":{"allow":["GET"]}}],"collection":[{"href":"https:\/\/automatic.ee\/ru\/wp-json\/wp\/v2\/product"}],"about":[{"href":"https:\/\/automatic.ee\/ru\/wp-json\/wp\/v2\/types\/product"}],"replies":[{"embeddable":true,"href":"https:\/\/automatic.ee\/ru\/wp-json\/wp\/v2\/comments?post=106401"}],"wp:featuredmedia":[{"embeddable":true,"href":"https:\/\/automatic.ee\/ru\/wp-json\/wp\/v2\/media\/106398"}],"wp:attachment":[{"href":"https:\/\/automatic.ee\/ru\/wp-json\/wp\/v2\/media?parent=106401"}],"wp:term":[{"taxonomy":"product_brand","embeddable":true,"href":"https:\/\/automatic.ee\/ru\/wp-json\/wp\/v2\/product_brand?post=106401"},{"taxonomy":"product_cat","embeddable":true,"href":"https:\/\/automatic.ee\/ru\/wp-json\/wp\/v2\/product_cat?post=106401"},{"taxonomy":"product_tag","embeddable":true,"href":"https:\/\/automatic.ee\/ru\/wp-json\/wp\/v2\/product_tag?post=106401"}],"curies":[{"name":"wp","href":"https:\/\/api.w.org\/{rel}","templated":true}]}}