{"id":106389,"date":"2025-11-04T04:06:45","date_gmt":"2025-11-04T02:06:45","guid":{"rendered":"https:\/\/automatic.ee\/toode\/universaalne-puhastus-spray-1l-detail\/"},"modified":"2025-11-04T04:06:45","modified_gmt":"2025-11-04T02:06:45","slug":"universaalne-puhastus-spray-1l-detail","status":"publish","type":"product","link":"https:\/\/automatic.ee\/ru\/toode\/universaalne-puhastus-spray-1l-detail\/","title":{"rendered":"UNIVERSAALNE PUHASTUS SPRAY 1L DETAIL"},"content":{"rendered":"<p>Quick Detailer (QD) v\u00f5imaldab teil kiiresti ja ohutult eemaldada v\u00e4iksemaid mustusi &#8212; tilkade ja s\u00f5rmede j\u00e4lgi, tolmu ja plekke igat t\u00fc\u00fcpi v\u00e4rvidest ja sisustuselementidest, taastades need oma esialgse v\u00e4limuse. Koheselt annab t\u00f6\u00f6deldud pinnale rikkaliku v\u00e4rvi, sileduse ja antistaatilise efekti. Quick Detailerit (QD) on \u00e4\u00e4rmiselt lihtne kasutada, muutes selle ideaalseks isekasutuseks.<\/p>\n<p>Kuidas kasutada:<\/p>\n<div>1. Raputage pudelit ja pihustage preparaat puhtale mikrokiudr\u00e4tikule. 2. Levitage \u00fchend t\u00f6\u00f6deldavale pinnale. 3. Poleerige segu puhta mikrokiudr\u00e4tikuga.<\/div>\n","protected":false},"excerpt":{"rendered":"<p>DT-0357<\/p>\n","protected":false},"featured_media":106386,"comment_status":"open","ping_status":"closed","template":"","meta":{"colormag_page_container_layout":"default_layout","colormag_page_sidebar_layout":"default_layout"},"product_brand":[],"product_cat":[162],"product_tag":[],"class_list":{"0":"post-106389","1":"product","2":"type-product","3":"status-publish","4":"has-post-thumbnail","6":"product_cat-grass-keemia-ja-detailing","8":"first","9":"instock","10":"shipping-taxable","11":"purchasable","12":"product-type-simple"},"_links":{"self":[{"href":"https:\/\/automatic.ee\/ru\/wp-json\/wp\/v2\/product\/106389","targetHints":{"allow":["GET"]}}],"collection":[{"href":"https:\/\/automatic.ee\/ru\/wp-json\/wp\/v2\/product"}],"about":[{"href":"https:\/\/automatic.ee\/ru\/wp-json\/wp\/v2\/types\/product"}],"replies":[{"embeddable":true,"href":"https:\/\/automatic.ee\/ru\/wp-json\/wp\/v2\/comments?post=106389"}],"wp:featuredmedia":[{"embeddable":true,"href":"https:\/\/automatic.ee\/ru\/wp-json\/wp\/v2\/media\/106386"}],"wp:attachment":[{"href":"https:\/\/automatic.ee\/ru\/wp-json\/wp\/v2\/media?parent=106389"}],"wp:term":[{"taxonomy":"product_brand","embeddable":true,"href":"https:\/\/automatic.ee\/ru\/wp-json\/wp\/v2\/product_brand?post=106389"},{"taxonomy":"product_cat","embeddable":true,"href":"https:\/\/automatic.ee\/ru\/wp-json\/wp\/v2\/product_cat?post=106389"},{"taxonomy":"product_tag","embeddable":true,"href":"https:\/\/automatic.ee\/ru\/wp-json\/wp\/v2\/product_tag?post=106389"}],"curies":[{"name":"wp","href":"https:\/\/api.w.org\/{rel}","templated":true}]}}