{"id":106309,"date":"2025-11-04T04:05:32","date_gmt":"2025-11-04T02:05:32","guid":{"rendered":"https:\/\/automatic.ee\/toode\/tree-shape-radius-end-burr-d3mm\/"},"modified":"2025-11-04T04:05:32","modified_gmt":"2025-11-04T02:05:32","slug":"tree-shape-radius-end-burr-d3mm","status":"publish","type":"product","link":"https:\/\/automatic.ee\/ru\/toode\/tree-shape-radius-end-burr-d3mm\/","title":{"rendered":"Tree shape radius end burr (d=3mm)"},"content":{"rendered":"<table class=\"ecwid-description-table\" style=\"font-size: 14px\">\n<tbody>\n<tr>\n<td>Pea l\u00e4bim\u00f5\u00f5t<\/td>\n<td>3mm<\/td>\n<\/tr>\n<tr>\n<td>Pea pikkus<\/td>\n<td>15mm<\/td>\n<\/tr>\n<tr>\n<td>Kogupikkus<\/td>\n<td>48mm<\/td>\n<\/tr>\n<tr>\n<td><span class=\"JLqJ4b ChMk0b\">L\u00e4bim\u00f5\u00f5t<\/span><\/td>\n<td><span class=\"JLqJ4b ChMk0b\">3mm<\/span><\/td>\n<\/tr>\n<\/tbody>\n<\/table>\n","protected":false},"excerpt":{"rendered":"<p>F0315X03<\/p>\n","protected":false},"featured_media":106306,"comment_status":"open","ping_status":"closed","template":"","meta":{"colormag_page_container_layout":"default_layout","colormag_page_sidebar_layout":"default_layout"},"product_brand":[],"product_cat":[166,142],"product_tag":[],"class_list":{"0":"post-106309","1":"product","2":"type-product","3":"status-publish","4":"has-post-thumbnail","6":"product_cat-freesid","7":"product_cat-tooriistad","9":"first","10":"instock","11":"shipping-taxable","12":"purchasable","13":"product-type-simple"},"_links":{"self":[{"href":"https:\/\/automatic.ee\/ru\/wp-json\/wp\/v2\/product\/106309","targetHints":{"allow":["GET"]}}],"collection":[{"href":"https:\/\/automatic.ee\/ru\/wp-json\/wp\/v2\/product"}],"about":[{"href":"https:\/\/automatic.ee\/ru\/wp-json\/wp\/v2\/types\/product"}],"replies":[{"embeddable":true,"href":"https:\/\/automatic.ee\/ru\/wp-json\/wp\/v2\/comments?post=106309"}],"wp:featuredmedia":[{"embeddable":true,"href":"https:\/\/automatic.ee\/ru\/wp-json\/wp\/v2\/media\/106306"}],"wp:attachment":[{"href":"https:\/\/automatic.ee\/ru\/wp-json\/wp\/v2\/media?parent=106309"}],"wp:term":[{"taxonomy":"product_brand","embeddable":true,"href":"https:\/\/automatic.ee\/ru\/wp-json\/wp\/v2\/product_brand?post=106309"},{"taxonomy":"product_cat","embeddable":true,"href":"https:\/\/automatic.ee\/ru\/wp-json\/wp\/v2\/product_cat?post=106309"},{"taxonomy":"product_tag","embeddable":true,"href":"https:\/\/automatic.ee\/ru\/wp-json\/wp\/v2\/product_tag?post=106309"}],"curies":[{"name":"wp","href":"https:\/\/api.w.org\/{rel}","templated":true}]}}