{"id":106169,"date":"2025-11-04T04:03:35","date_gmt":"2025-11-04T02:03:35","guid":{"rendered":"https:\/\/automatic.ee\/toode\/kaivitusabi-noco-genius-booster-gb70-kaitseumbris\/"},"modified":"2025-11-04T04:03:35","modified_gmt":"2025-11-04T02:03:35","slug":"kaivitusabi-noco-genius-booster-gb70-kaitseumbris","status":"publish","type":"product","link":"https:\/\/automatic.ee\/ru\/toode\/kaivitusabi-noco-genius-booster-gb70-kaitseumbris\/","title":{"rendered":"K\u00e4ivitusabi Noco Genius Booster GB70 kaitse\u00fcmbris"},"content":{"rendered":"<p>EVA kaitse\u00fcmbris Boost HD jaoks<\/p>\n<p>Kergel, vastupidaval ja vastupidaval GBC014 EVA kaitse\u00fcmbrisel on poolj\u00e4ik kohandatud v\u00e4lisk\u00fclg t\u00f5mbluku ja tugevdatud k\u00e4epidemega. Kummitud EVA v\u00e4lispind kaitseb niiskuse, l\u00f6\u00f6kide, tolmu ja muude keskkonnategurite eest, samas kui vormitud sisemus sobib ideaalselt, hoiab ja kaitseb vastavat NOCO UltraSafe starterit \u2013 GB70 (m\u00fc\u00fcakse eraldi). GBC014 \u00fcmbrisel on t\u00e4iendavad taskud seotud Boosti tarvikute kaasas kandmine (m\u00fc\u00fcakse eraldi). Hoidke kaitse\u00fcmbrist lihtsalt pagasiruumis, s\u00f5idukis, konsoolis v\u00f5i garaa\u017eis.<\/p>\n<p>Kerge, vastupidav ja vastupidav kohandatud v\u00e4lisilme.<\/p>\n<p>Varustatud t\u00f5mblukuga ja tugevdatud k\u00e4epidemega Boosti hoidmiseks ja kandmiseks.<\/p>\n<p>Pakub kaitset niiskuse, l\u00f6\u00f6kide, tolmu ja keskkonnategurite eest.<\/p>\n<p>Sobib NOCO GB70 Boost UltraSafe Jump Starteritele (m\u00fc\u00fcakse eraldi).<\/p>\n<p>Lisataskud seotud Boosti tarvikute jaoks (m\u00fc\u00fcakse eraldi).<\/p>\n<p>Ilmastikukindel. \u00c4rge kastke vette.<\/p>\n","protected":false},"excerpt":{"rendered":"<p>GBC014<\/p>\n","protected":false},"featured_media":106166,"comment_status":"open","ping_status":"closed","template":"","meta":{"colormag_page_container_layout":"default_layout","colormag_page_sidebar_layout":"default_layout"},"product_brand":[],"product_cat":[159],"product_tag":[],"class_list":{"0":"post-106169","1":"product","2":"type-product","3":"status-publish","4":"has-post-thumbnail","6":"product_cat-kaivitusabi","8":"first","9":"instock","10":"shipping-taxable","11":"purchasable","12":"product-type-simple"},"_links":{"self":[{"href":"https:\/\/automatic.ee\/ru\/wp-json\/wp\/v2\/product\/106169","targetHints":{"allow":["GET"]}}],"collection":[{"href":"https:\/\/automatic.ee\/ru\/wp-json\/wp\/v2\/product"}],"about":[{"href":"https:\/\/automatic.ee\/ru\/wp-json\/wp\/v2\/types\/product"}],"replies":[{"embeddable":true,"href":"https:\/\/automatic.ee\/ru\/wp-json\/wp\/v2\/comments?post=106169"}],"wp:featuredmedia":[{"embeddable":true,"href":"https:\/\/automatic.ee\/ru\/wp-json\/wp\/v2\/media\/106166"}],"wp:attachment":[{"href":"https:\/\/automatic.ee\/ru\/wp-json\/wp\/v2\/media?parent=106169"}],"wp:term":[{"taxonomy":"product_brand","embeddable":true,"href":"https:\/\/automatic.ee\/ru\/wp-json\/wp\/v2\/product_brand?post=106169"},{"taxonomy":"product_cat","embeddable":true,"href":"https:\/\/automatic.ee\/ru\/wp-json\/wp\/v2\/product_cat?post=106169"},{"taxonomy":"product_tag","embeddable":true,"href":"https:\/\/automatic.ee\/ru\/wp-json\/wp\/v2\/product_tag?post=106169"}],"curies":[{"name":"wp","href":"https:\/\/api.w.org\/{rel}","templated":true}]}}