{"id":106041,"date":"2025-11-04T04:01:25","date_gmt":"2025-11-04T02:01:25","guid":{"rendered":"https:\/\/automatic.ee\/toode\/kuivatuslapp-chamois-cloth-grass\/"},"modified":"2025-11-04T04:01:25","modified_gmt":"2025-11-04T02:01:25","slug":"kuivatuslapp-chamois-cloth-grass","status":"publish","type":"product","link":"https:\/\/automatic.ee\/ru\/toode\/kuivatuslapp-chamois-cloth-grass\/","title":{"rendered":"Kuivatuslapp CHAMOIS CLOTH GRASS"},"content":{"rendered":"<p>Multifunktsionaalne kunstnahast salvr\u00e4tik. Ei j\u00e4ta triipe ega ebemeid. Imab h\u00e4sti suures koguses vedelikku, kuivatades pinna kiiresti. Vastupidav enamikule kemikaalidele. Ideaalne autosse ja koju, peeglite, klaaside ja muude pindade p\u00fchkimiseks. Asendamatu k\u00f6\u00f6ki ja vannituppa.<\/p>\n","protected":false},"excerpt":{"rendered":"<p>IT-0536<\/p>\n","protected":false},"featured_media":106038,"comment_status":"open","ping_status":"closed","template":"","meta":{"colormag_page_container_layout":"default_layout","colormag_page_sidebar_layout":"default_layout"},"product_brand":[],"product_cat":[162],"product_tag":[],"class_list":{"0":"post-106041","1":"product","2":"type-product","3":"status-publish","4":"has-post-thumbnail","6":"product_cat-grass-keemia-ja-detailing","8":"first","9":"instock","10":"shipping-taxable","11":"purchasable","12":"product-type-simple"},"_links":{"self":[{"href":"https:\/\/automatic.ee\/ru\/wp-json\/wp\/v2\/product\/106041","targetHints":{"allow":["GET"]}}],"collection":[{"href":"https:\/\/automatic.ee\/ru\/wp-json\/wp\/v2\/product"}],"about":[{"href":"https:\/\/automatic.ee\/ru\/wp-json\/wp\/v2\/types\/product"}],"replies":[{"embeddable":true,"href":"https:\/\/automatic.ee\/ru\/wp-json\/wp\/v2\/comments?post=106041"}],"wp:featuredmedia":[{"embeddable":true,"href":"https:\/\/automatic.ee\/ru\/wp-json\/wp\/v2\/media\/106038"}],"wp:attachment":[{"href":"https:\/\/automatic.ee\/ru\/wp-json\/wp\/v2\/media?parent=106041"}],"wp:term":[{"taxonomy":"product_brand","embeddable":true,"href":"https:\/\/automatic.ee\/ru\/wp-json\/wp\/v2\/product_brand?post=106041"},{"taxonomy":"product_cat","embeddable":true,"href":"https:\/\/automatic.ee\/ru\/wp-json\/wp\/v2\/product_cat?post=106041"},{"taxonomy":"product_tag","embeddable":true,"href":"https:\/\/automatic.ee\/ru\/wp-json\/wp\/v2\/product_tag?post=106041"}],"curies":[{"name":"wp","href":"https:\/\/api.w.org\/{rel}","templated":true}]}}