{"id":105837,"date":"2025-11-04T03:57:46","date_gmt":"2025-11-04T01:57:46","guid":{"rendered":"https:\/\/automatic.ee\/toode\/led-lisatuli-68w-12-24v-ref-50-osram\/"},"modified":"2025-11-04T03:57:46","modified_gmt":"2025-11-04T01:57:46","slug":"led-lisatuli-68w-12-24v-ref-50-osram","status":"publish","type":"product","link":"https:\/\/automatic.ee\/ru\/toode\/led-lisatuli-68w-12-24v-ref-50-osram\/","title":{"rendered":"LED LISATULI  68W 12\/24V Ref.50 OSRAM"},"content":{"rendered":"<h4>Kaugtuli, lisatuli LIGHTBAR FX500-CB, 68W, 1-ne paigald.Ref.25+25,564mm<\/h4>\n<p>Pikkus 619mm<br \/>V\u00f5tmeomadused:<\/p>\n<ul>\n<li>T\u00e4ielikult topelt ECE sobivusega LED lisa kaugtuli.<\/li>\n<li>Lubatud tule \u00fcksinda paigaldus (ref. 25+25), ei ole vaja paarikaupa paigaldust<\/li>\n<li>Kombineeritud valgusvihk: kombineeritud l\u00e4hitule ja kaugtule valgusvihk \u00fches tules.<\/li>\n<li>Suurendatud turvalisus: Kuni 440m pikkune valgusvihk 5 kraadise valgusvihu nurgaga.<\/li>\n<li>Kunstiteose tasemel reflektori disain: Eriti k\u00f5rge optika efektiivsus, homogeenne valguse jaotumine ja pimestamise v\u00e4hendamine.<\/li>\n<li>Kompaktne ja vastupidav: Purunematu pol\u00fckarbonaadist l\u00e4\u00e4ts vastamaks keerulistesse tingimustesse, \u00fcle ja alapinge kaitse.<\/li>\n<li>Integreeritud toiteplokk ja temperaturi juhtimise s\u00fcsteem parima eluea jaoks.<\/li>\n<li>20 k\u00f5rge v\u00f5imsusega LED-i.<\/li>\n<li>Garantii: 5aastat.<\/li>\n<li>Kasutusvaldkonnad: 4&#215;4, ATV, s\u00f5iduautod, veoautod,kaubandus\/ehitus s\u00f5idukid, p\u00f5llumajandus, matkas\u00f5idukid.<\/li>\n<\/ul>\n<p> Tehniline spetsifikatsioon LEDDL104-CB   SM  Valgusvihu ulatus @1lx  u.440m  Luumenid  5500lm  Valguse v\u00e4rvus  6000K  Valgusvihu nurk  5 kraadi  Arvutuslik sisendv\u00f5imsus  68W  Sisendpinge  12\/24V  IP kaitseklass  IP67  ECE  R112 (ECE Ref.25+25)   ECE\/EMI  ECE R10  Polaarsuse kaitse  Jah  Kaabli pikkus  100 cm  Kaal  2250 g Paneel<\/p>\n","protected":false},"excerpt":{"rendered":"<p>LEDDL104CBSM<\/p>\n","protected":false},"featured_media":105834,"comment_status":"open","ping_status":"closed","template":"","meta":{"colormag_page_container_layout":"default_layout","colormag_page_sidebar_layout":"default_layout"},"product_brand":[],"product_cat":[119],"product_tag":[],"class_list":{"0":"post-105837","1":"product","2":"type-product","3":"status-publish","4":"has-post-thumbnail","6":"product_cat-lisatuled-led","8":"first","9":"instock","10":"shipping-taxable","11":"purchasable","12":"product-type-simple"},"_links":{"self":[{"href":"https:\/\/automatic.ee\/ru\/wp-json\/wp\/v2\/product\/105837","targetHints":{"allow":["GET"]}}],"collection":[{"href":"https:\/\/automatic.ee\/ru\/wp-json\/wp\/v2\/product"}],"about":[{"href":"https:\/\/automatic.ee\/ru\/wp-json\/wp\/v2\/types\/product"}],"replies":[{"embeddable":true,"href":"https:\/\/automatic.ee\/ru\/wp-json\/wp\/v2\/comments?post=105837"}],"wp:featuredmedia":[{"embeddable":true,"href":"https:\/\/automatic.ee\/ru\/wp-json\/wp\/v2\/media\/105834"}],"wp:attachment":[{"href":"https:\/\/automatic.ee\/ru\/wp-json\/wp\/v2\/media?parent=105837"}],"wp:term":[{"taxonomy":"product_brand","embeddable":true,"href":"https:\/\/automatic.ee\/ru\/wp-json\/wp\/v2\/product_brand?post=105837"},{"taxonomy":"product_cat","embeddable":true,"href":"https:\/\/automatic.ee\/ru\/wp-json\/wp\/v2\/product_cat?post=105837"},{"taxonomy":"product_tag","embeddable":true,"href":"https:\/\/automatic.ee\/ru\/wp-json\/wp\/v2\/product_tag?post=105837"}],"curies":[{"name":"wp","href":"https:\/\/api.w.org\/{rel}","templated":true}]}}