{"id":105829,"date":"2025-11-04T03:57:36","date_gmt":"2025-11-04T01:57:36","guid":{"rendered":"https:\/\/automatic.ee\/toode\/led-29w-12-24v-ref-20-osram\/"},"modified":"2025-11-04T03:57:36","modified_gmt":"2025-11-04T01:57:36","slug":"led-29w-12-24v-ref-20-osram","status":"publish","type":"product","link":"https:\/\/automatic.ee\/ru\/toode\/led-29w-12-24v-ref-20-osram\/","title":{"rendered":"LED 29W 12-24V Ref.20 OSRAM"},"content":{"rendered":"<h4>LED lisatuli 12\/24V 29W 6000K LEDDL106-SP max 270m 2600lm<\/h4>\n<p>Kitsas seeria. Suurendab s\u00f5iduohutust t\u00e4nu pikale valgusvihule. \u00dchtlane valgustatus valgusvihu kogu ulatuses. Osrami kvaliteet, vastupidav mehaanilistele vigastustele. Eluiga ca 5000 tundi, garantii 5 aastat.2600 lm Pikkus 350mm<\/p>\n<ul>\n<li>Valgusvihu pikkus: ca 270 m<\/li>\n<li>Valguse temperatuur: 6000 K<\/li>\n<li>Toite v\u00f5imsus: 29 W<\/li>\n<li>Sisendpinge: 12\/24 V<\/li>\n<li>ECE: R112 (ECE Ref. 20)<\/li>\n<li>Kaal: 700 g<\/li>\n<li>IP69K<\/li>\n<li>Paneel<\/li>\n<\/ul>\n<p>LED-tuli suurendab turvalisust maanteel<\/p>\n<p>Valgustamata t\u00e4navad ja mustad teed p\u00f5hjustavad alati suuremat \u00f5nnetuste riski. LEDriving Lightbar SX300-SP LED lisavalgusti mitte ainult ei paista pimeduses rohkem valgust, vaid suurendab ka liikluse ohutust.<\/p>\n<p>Teedel kasutamiseks heaks kiidetud LED-lisavalgusti on varustatud 12 suure j\u00f5udlusega LED-iga ja see annab autojuhtidele parema n\u00e4htavuse. Valgustundlikkust parandatakse ka l\u00e4heneva liikluse korral. Seet\u00f5ttu aitab need kaasa sellele liiklusohutuse aspektile.<\/p>\n<p>Autojuhid saavad takistusi v\u00f5i v\u00f5imalikke ohte aegsasti tuvastada t\u00e4nu auto lisatule tulede ulatusele. \u00dche luksi valgustugevusega v\u00f5ib valguskiir kaheksa kraadise valgusnurgaga ulatuda kuni 270 meetrini.<\/p>\n<p>LED-kaugtulede intelligentne reflektorkonstruktsioon tagab \u00e4\u00e4rmiselt k\u00f5rge optilise efektiivsuse homogeense valgusjaotusega. See t\u00e4hendab, et saabuv liiklus on 2600lm luumenise LED-valguse poolt v\u00e4hem pimestatud.<\/p>\n<p>Lisaks tugevale valguse j\u00f5udlusele ja paremale liiklusohutusele pakuvad otsingutuled ka visuaalset atraktiivsust: see suurendab veelgi s\u00f5iduki ainulaadset maastikulist ilmet.<\/p>\n<p>Vastupidavus  kasutamiseks nii maastikul kui ka teedel.<\/p>\n<p>Tugevad vibreerimised ja karmid ilmastikutingimused esitavad materjalile suuri v\u00e4ljakutseid. Pikema eluea tagamiseks on LED-lisavalgusti seet\u00f5ttu varustatud vastupidava pol\u00fckarbonaatl\u00e4\u00e4tsega, mis vastab k\u00f5ige karmimatele n\u00f5udmistele.<\/p>\n<p>LEDriving Lightbar SX300-SP LED lisavalgusti t\u00f6\u00f6tab usaldusv\u00e4\u00e4rselt isegi \u00e4\u00e4rmuslikel temperatuuridel -30 kuni 60 kraadi Celsiuse j\u00e4rgi. See teeb sellest ideaalse kaaslase, eriti maastikul s\u00f5itmiseks.<\/p>\n<p>Integreeritud draiveri- ja soojusjuhtimiss\u00fcsteem kaitsevad suure j\u00f5udlusega LED-e v\u00f5imaliku \u00fclekuumenemise eest. Lisaks takistab \u00fcle- ja alapingekaitse toidet teatud aja jooksul m\u00e4\u00e4ratletud voolu \u00fcletamisest.<\/p>\n<p>Kompaktsed m\u00f5\u00f5tmed t\u00e4hendavad, et LED-valgustit saab kasutada paljudes rakendustes. Mitte ainult 4&#215;4- ja maastikus\u00f5idukid, vaid ka tarbes\u00f5idukid ja t\u00f6\u00f6stuss\u00f5idukid saavad kasu LED-lisavalgustuse suurenenud valgusj\u00f5ust.<\/p>\n","protected":false},"excerpt":{"rendered":"<p>LEDDL106SP<\/p>\n","protected":false},"featured_media":105826,"comment_status":"open","ping_status":"closed","template":"","meta":{"colormag_page_container_layout":"default_layout","colormag_page_sidebar_layout":"default_layout"},"product_brand":[],"product_cat":[119],"product_tag":[],"class_list":{"0":"post-105829","1":"product","2":"type-product","3":"status-publish","4":"has-post-thumbnail","6":"product_cat-lisatuled-led","8":"first","9":"instock","10":"shipping-taxable","11":"purchasable","12":"product-type-simple"},"_links":{"self":[{"href":"https:\/\/automatic.ee\/ru\/wp-json\/wp\/v2\/product\/105829","targetHints":{"allow":["GET"]}}],"collection":[{"href":"https:\/\/automatic.ee\/ru\/wp-json\/wp\/v2\/product"}],"about":[{"href":"https:\/\/automatic.ee\/ru\/wp-json\/wp\/v2\/types\/product"}],"replies":[{"embeddable":true,"href":"https:\/\/automatic.ee\/ru\/wp-json\/wp\/v2\/comments?post=105829"}],"wp:featuredmedia":[{"embeddable":true,"href":"https:\/\/automatic.ee\/ru\/wp-json\/wp\/v2\/media\/105826"}],"wp:attachment":[{"href":"https:\/\/automatic.ee\/ru\/wp-json\/wp\/v2\/media?parent=105829"}],"wp:term":[{"taxonomy":"product_brand","embeddable":true,"href":"https:\/\/automatic.ee\/ru\/wp-json\/wp\/v2\/product_brand?post=105829"},{"taxonomy":"product_cat","embeddable":true,"href":"https:\/\/automatic.ee\/ru\/wp-json\/wp\/v2\/product_cat?post=105829"},{"taxonomy":"product_tag","embeddable":true,"href":"https:\/\/automatic.ee\/ru\/wp-json\/wp\/v2\/product_tag?post=105829"}],"curies":[{"name":"wp","href":"https:\/\/api.w.org\/{rel}","templated":true}]}}