{"id":105825,"date":"2025-11-04T03:57:32","date_gmt":"2025-11-04T01:57:32","guid":{"rendered":"https:\/\/automatic.ee\/toode\/led-lisatuli-kaug-46w-12-24v-ref-30-osram\/"},"modified":"2025-11-04T03:57:32","modified_gmt":"2025-11-04T01:57:32","slug":"led-lisatuli-kaug-46w-12-24v-ref-30-osram","status":"publish","type":"product","link":"https:\/\/automatic.ee\/ru\/toode\/led-lisatuli-kaug-46w-12-24v-ref-30-osram\/","title":{"rendered":"LED LISATULI (KAUG) 46W 12\/24V Ref.30 OSRAM"},"content":{"rendered":"<h4>Kaugtuli, OSRAM LED LIGHTBAR SX500-SP, 46W, Ref. 30, 556mm<\/h4>\n<p>Kitsas sari. Paneel<br \/>LEDriving Lightbar SX500-SP LED-riba sobib s\u00f5iduautodele, 4&#215;4- ja maastikus\u00f5idukitele ning tarbes\u00f5idukitele. T\u00e4nu kompaktsetele kinnitusm\u00f5\u00f5tmetele saavad isegi p\u00f5llumajanduses kasutatavad s\u00f5idukid kasu LED-lisavalgustuse tugevast heledusest.<\/p>\n<p>V\u00f5tmeomadused:<\/p>\n<ul>\n<li>T\u00e4ielikult ECE sobivusega LED lisa kaugtuli.<\/li>\n<li>Kombineeritud valgusvihk: kombineeritud l\u00e4hitule ja kaugtule valgusvihk \u00fches tules.<\/li>\n<li>Suurendatud turvalisus: Kuni 370m pikkune valgusvihk 5 kraadise valgusvihu nurgaga.<\/li>\n<li>Kunstiteose tasemel reflektori disain: Eriti k\u00f5rge optika efektiivsus, homogeenne valguse jaotumine ja pimestamise v\u00e4hendamine.<\/li>\n<li>Kompaktne ja vastupidav: Purunematu pol\u00fckarbonaadist l\u00e4\u00e4ts vastamaks keerulistesse tingimustesse, \u00fcle ja alapinge kaitse.<\/li>\n<li>Integreeritud toiteplokk ja temperaturi juhtimise s\u00fcsteem parima eluea jaoks.<\/li>\n<li>18 k\u00f5rge v\u00f5imsusega LED-i.<\/li>\n<li>Garantii: 5aastat.<\/li>\n<li>IP69K<\/li>\n<li>Kasutusvaldkonnad: 4&#215;4, ATV, s\u00f5iduautod, veoautod,kaubandus\/ehitus s\u00f5idukid, p\u00f5llumajandus, matkas\u00f5idukid.<\/li>\n<\/ul>\n<p> Tehniline spetsifikatsioon LEDDL103-CB     Valgusvihu ulatus @1lx  u.370m  Luumenid  3900lm  Valguse v\u00e4rvus  6000K  Valgusvihu nurk  8 kraadi  Arvutuslik sisendv\u00f5imsus  46W  Sisendpinge  12\/24V  Eluiga  5.000h  IP kaitseklass  IP69K  ECE  R112 (ECE Ref. 30)   ECE\/EMI  ECE R10  Vibratsioon sertifikaat  IEC60068-2-6  Keskkonna temperatuur  -30\u00b0C kuni 60\u00b0C  Polaarsuse kaitse  Jah  Kaabli pikkus  45cm  Kaal  1200g<\/p>\n<div><\/div>\n","protected":false},"excerpt":{"rendered":"<p>LEDDL107SP<\/p>\n","protected":false},"featured_media":105822,"comment_status":"open","ping_status":"closed","template":"","meta":{"colormag_page_container_layout":"default_layout","colormag_page_sidebar_layout":"default_layout"},"product_brand":[],"product_cat":[119],"product_tag":[],"class_list":{"0":"post-105825","1":"product","2":"type-product","3":"status-publish","4":"has-post-thumbnail","6":"product_cat-lisatuled-led","8":"first","9":"instock","10":"shipping-taxable","11":"purchasable","12":"product-type-simple"},"_links":{"self":[{"href":"https:\/\/automatic.ee\/ru\/wp-json\/wp\/v2\/product\/105825","targetHints":{"allow":["GET"]}}],"collection":[{"href":"https:\/\/automatic.ee\/ru\/wp-json\/wp\/v2\/product"}],"about":[{"href":"https:\/\/automatic.ee\/ru\/wp-json\/wp\/v2\/types\/product"}],"replies":[{"embeddable":true,"href":"https:\/\/automatic.ee\/ru\/wp-json\/wp\/v2\/comments?post=105825"}],"wp:featuredmedia":[{"embeddable":true,"href":"https:\/\/automatic.ee\/ru\/wp-json\/wp\/v2\/media\/105822"}],"wp:attachment":[{"href":"https:\/\/automatic.ee\/ru\/wp-json\/wp\/v2\/media?parent=105825"}],"wp:term":[{"taxonomy":"product_brand","embeddable":true,"href":"https:\/\/automatic.ee\/ru\/wp-json\/wp\/v2\/product_brand?post=105825"},{"taxonomy":"product_cat","embeddable":true,"href":"https:\/\/automatic.ee\/ru\/wp-json\/wp\/v2\/product_cat?post=105825"},{"taxonomy":"product_tag","embeddable":true,"href":"https:\/\/automatic.ee\/ru\/wp-json\/wp\/v2\/product_tag?post=105825"}],"curies":[{"name":"wp","href":"https:\/\/api.w.org\/{rel}","templated":true}]}}