{"id":105821,"date":"2025-11-04T03:57:27","date_gmt":"2025-11-04T01:57:27","guid":{"rendered":"https:\/\/automatic.ee\/toode\/paevatulede-komplekt-12v-osram\/"},"modified":"2025-11-04T03:57:27","modified_gmt":"2025-11-04T01:57:27","slug":"paevatulede-komplekt-12v-osram","status":"publish","type":"product","link":"https:\/\/automatic.ee\/ru\/toode\/paevatulede-komplekt-12v-osram\/","title":{"rendered":"P\u00e4evatulede komplekt 12V OSRAM"},"content":{"rendered":"<p>Osram Led p\u00e4evas\u00f5idutuled<\/p>\n<p>Esimene LED p\u00e4evas\u00f5idutulede komplekt, mis on \u00fchtlase valgusega &#8212; ilma valguspunktideta!<\/p>\n<p>OSRAM muudab kohustusliku lisa lausa h\u00e4davajalikuks: esimene OSRAMi LED-p\u00e4evas\u00f5idutulede komplekt, mis pakub briljantset valgust ja d\u00fcnaamilisi kurve, lisades igale autole v\u00e4\u00e4rikust.<\/p>\n<ul>\n<li>Ilus disain ja t\u00e4iesti homogeenne valgus<\/li>\n<li>Valguse suunamine k\u00f5rgekvaliteedilise OSRAM LED-tehnoloogiaga<\/li>\n<li>\u00dchtlane valgus<\/li>\n<li>IP69, talub ka intensiivset autopesu<\/li>\n<li>Sertifitseeritud vastavalt ECE, SAE ja CCC regulatsioonidele ja IP-homologeeritud<\/li>\n<li>Sobib paljudele s\u00f5idukitele, lihtne paigaldada<\/li>\n<li>V\u00e4ike energia tarbimine<\/li>\n<li>Kaks funktsiooni: valgel ajal p\u00e4evas\u00f5idutuled, pimedal ajal gabariittuled<\/li>\n<li>16W<\/li>\n<li>12V<\/li>\n<\/ul>\n<p>Pikkus 167,0 mm<\/p>\n<p>Toote kaal 953,00 g<\/p>\n<p>Laius 42,0 mm<\/p>\n<p>K\u00f5rgus 32,0 mm<\/p>\n<p>Valgustemperatuur 6000K.<\/p>\n<p>Vaata toodet tutvustavat videot <a href=\"https:\/\/www.youtube.com\/watch?v=O3Uoko5yMGA\" target=\"_blank\" rel=\"noopener\">SIIT<\/a><\/p>\n<p><a href=\"https:\/\/www.youtube.com\/watch?v=O3Uoko5yMGA\" target=\"_blank\" rel=\"noopener\"><\/a>Vaata toodet tutvustavat videot (vene keeles) <a href=\"https:\/\/www.youtube.com\/watch?v=0jlgl5RCHXw\" target=\"_blank\" rel=\"noopener\">SIIT<\/a><\/p>\n","protected":false},"excerpt":{"rendered":"<p>LEDDRL102<\/p>\n","protected":false},"featured_media":105818,"comment_status":"open","ping_status":"closed","template":"","meta":{"colormag_page_container_layout":"default_layout","colormag_page_sidebar_layout":"default_layout"},"product_brand":[],"product_cat":[132,119],"product_tag":[],"class_list":{"0":"post-105821","1":"product","2":"type-product","3":"status-publish","4":"has-post-thumbnail","6":"product_cat-elektroonika","7":"product_cat-lisatuled-led","9":"first","10":"instock","11":"shipping-taxable","12":"purchasable","13":"product-type-simple"},"_links":{"self":[{"href":"https:\/\/automatic.ee\/ru\/wp-json\/wp\/v2\/product\/105821","targetHints":{"allow":["GET"]}}],"collection":[{"href":"https:\/\/automatic.ee\/ru\/wp-json\/wp\/v2\/product"}],"about":[{"href":"https:\/\/automatic.ee\/ru\/wp-json\/wp\/v2\/types\/product"}],"replies":[{"embeddable":true,"href":"https:\/\/automatic.ee\/ru\/wp-json\/wp\/v2\/comments?post=105821"}],"wp:featuredmedia":[{"embeddable":true,"href":"https:\/\/automatic.ee\/ru\/wp-json\/wp\/v2\/media\/105818"}],"wp:attachment":[{"href":"https:\/\/automatic.ee\/ru\/wp-json\/wp\/v2\/media?parent=105821"}],"wp:term":[{"taxonomy":"product_brand","embeddable":true,"href":"https:\/\/automatic.ee\/ru\/wp-json\/wp\/v2\/product_brand?post=105821"},{"taxonomy":"product_cat","embeddable":true,"href":"https:\/\/automatic.ee\/ru\/wp-json\/wp\/v2\/product_cat?post=105821"},{"taxonomy":"product_tag","embeddable":true,"href":"https:\/\/automatic.ee\/ru\/wp-json\/wp\/v2\/product_tag?post=105821"}],"curies":[{"name":"wp","href":"https:\/\/api.w.org\/{rel}","templated":true}]}}