{"id":105801,"date":"2025-11-04T03:57:05","date_gmt":"2025-11-04T01:57:05","guid":{"rendered":"https:\/\/automatic.ee\/toode\/pealamp-headtorch-250-osram\/"},"modified":"2025-11-04T03:57:05","modified_gmt":"2025-11-04T01:57:05","slug":"pealamp-headtorch-250-osram","status":"publish","type":"product","link":"https:\/\/automatic.ee\/ru\/toode\/pealamp-headtorch-250-osram\/","title":{"rendered":"PEALAMP HEADTORCH 250 OSRAM"},"content":{"rendered":"<h4>pealamp headtorch250 250lm laetav usb-c ip54\/ik08 osram<\/h4>\n<p>Ergonoomiline. laetav pealamp. Sobib kodu- ja professionaalseks kasutamiseks. Kaks valgustuse funktiooni. kuni 250 lm. Hands-free l\u00fclitus tagab lambi k\u00e4ivitumise ja mugava k\u00e4ed vaba kasutuse. Lambi asend reguleeritav kuni 60\u00b0. USB-C laadimispesa. Niiskuskindlus IP54. p\u00f5rutuskindlus IK08. Kaal vaid 105 g.<\/p>\n<p>See OSRAMi kvaliteetne pealamp sobib suurep\u00e4raselt professionaalseks ja erakasutuseks. Kahe valgusfunktsiooniga \u2013 k\u00f5rge kuni 250 lm ja madal kuni 140 lm \u2013 on valgusv\u00f5imsus, mis sobib v\u00e4ga erinevate \u00fclesannetega. Integreeritud liikumisanduri tehnoloogia v\u00f5imaldab probleemideta ja k\u00e4ed-vabad t\u00f6\u00f6tamist ning 60\u00b0 kaldenurga v\u00f5imalus annab paindlikkuse, et valgustada seal, kus vaja. Laetav aku v\u00f5imaldab t\u00f6\u00f6tada kuni 3,5 tundi suure v\u00f5imsusega v\u00f5i kuni 6 tundi madala v\u00f5imsusega. C-t\u00fc\u00fcpi USB-laadimiskaabel ja vastav toiteadapter on komplektis. Vastavalt IP54 kaitseklassile on sellel pealambil kaitse osakeste sissep\u00e4\u00e4su ja pritsmevee eest ning selle l\u00f6\u00f6gikindlus on testitud vastavalt standardile IK08. LEDinspect HEADTORCH 250 sees on pehmed padjad ja lisaks reguleeritav rihm optimaalseks kandmismugavuseks ning on seet\u00f5ttu ideaalne valgustik k\u00e4sit\u00f6\u00f6ks, autoremondiks ja igap\u00e4evaelus.<\/p>\n<p>Tellimuse viide<\/p>\n<p>LEDIL404<\/p>\n<p>Elektrilised andmed<\/p>\n<p>Nominaalne v\u00f5imsus 5,55 W<\/p>\n<p>Nimipinge 3,7 V<\/p>\n<p>Fotomeetrilised andmed<\/p>\n<p>Heledat v\u00e4rvi valge LED<\/p>\n<p>V\u00e4rvitemperatuur 5700 K<\/p>\n<p>Valgusvoog 250 lm<\/p>\n<p>LED-ide arv mooduli kohta 1<\/p>\n<p>M\u00f5\u00f5dud &amp; kaal:<\/p>\n<p>K\u00f5rgus 45,0 mm<\/p>\n<p>Laius 42,0 mm<\/p>\n<p>Toote kaal 105,00 g<\/p>\n<p>Pikkus 67,0 mm<\/p>\n<p>Toote lisaandmed<\/p>\n<p>Kvaliteetne liitiumioonaku<\/p>\n<p>Aku t\u00fc\u00fcp Laetav<\/p>\n<p>Kaasas olevate akude arv 1<\/p>\n","protected":false},"excerpt":{"rendered":"<p>LEDIL404<\/p>\n","protected":false},"featured_media":105798,"comment_status":"open","ping_status":"closed","template":"","meta":{"colormag_page_container_layout":"default_layout","colormag_page_sidebar_layout":"default_layout"},"product_brand":[],"product_cat":[146],"product_tag":[],"class_list":{"0":"post-105801","1":"product","2":"type-product","3":"status-publish","4":"has-post-thumbnail","6":"product_cat-led-pirnid-pirnid-xenon","8":"first","9":"instock","10":"shipping-taxable","11":"purchasable","12":"product-type-simple"},"_links":{"self":[{"href":"https:\/\/automatic.ee\/ru\/wp-json\/wp\/v2\/product\/105801","targetHints":{"allow":["GET"]}}],"collection":[{"href":"https:\/\/automatic.ee\/ru\/wp-json\/wp\/v2\/product"}],"about":[{"href":"https:\/\/automatic.ee\/ru\/wp-json\/wp\/v2\/types\/product"}],"replies":[{"embeddable":true,"href":"https:\/\/automatic.ee\/ru\/wp-json\/wp\/v2\/comments?post=105801"}],"wp:featuredmedia":[{"embeddable":true,"href":"https:\/\/automatic.ee\/ru\/wp-json\/wp\/v2\/media\/105798"}],"wp:attachment":[{"href":"https:\/\/automatic.ee\/ru\/wp-json\/wp\/v2\/media?parent=105801"}],"wp:term":[{"taxonomy":"product_brand","embeddable":true,"href":"https:\/\/automatic.ee\/ru\/wp-json\/wp\/v2\/product_brand?post=105801"},{"taxonomy":"product_cat","embeddable":true,"href":"https:\/\/automatic.ee\/ru\/wp-json\/wp\/v2\/product_cat?post=105801"},{"taxonomy":"product_tag","embeddable":true,"href":"https:\/\/automatic.ee\/ru\/wp-json\/wp\/v2\/product_tag?post=105801"}],"curies":[{"name":"wp","href":"https:\/\/api.w.org\/{rel}","templated":true}]}}