{"id":105781,"date":"2025-11-04T03:56:43","date_gmt":"2025-11-04T01:56:43","guid":{"rendered":"https:\/\/automatic.ee\/toode\/aku-toovalgustus-osram\/"},"modified":"2025-11-04T03:56:43","modified_gmt":"2025-11-04T01:56:43","slug":"aku-toovalgustus-osram","status":"publish","type":"product","link":"https:\/\/automatic.ee\/ru\/toode\/aku-toovalgustus-osram\/","title":{"rendered":"AKU T\u00d6\u00d6VALGUSTUS OSRAM"},"content":{"rendered":"<p>Lambit\u00fc\u00fcp:<\/p>\n<div>\n<div>LED<\/div>\n<\/div>\n<div>\n<div>\n<div><span class=\"\">Pinge [V]:<\/span><\/div>\n<div>3,7<\/div>\n<\/div>\n<\/div>\n<div>\n<div>\n<div><span class=\"\">Nimiv\u00f5imsus (W):<\/span><\/div>\n<div>3,7<\/div>\n<\/div>\n<\/div>\n<div>\n<div>\n<div><span class=\"\">valgusvoog [lm]:<\/span><\/div>\n<div>265<\/div>\n<\/div>\n<\/div>\n<div>\n<div>\n<div><span class=\"\">v\u00e4rvitemperatur [K]:<\/span><\/div>\n<div>6000<\/div>\n<\/div>\n<\/div>\n<div>\n<div>\n<div><span class=\"\">Kaal (g):<\/span><\/div>\n<div>62<\/div>\n<\/div>\n<\/div>\n<div>\n<div>\n<div><span class=\"\">Aku:<\/span><\/div>\n<div>Liitiumioonaku<\/div>\n<\/div>\n<\/div>\n<p>OSRAM<\/p>\n<p>LEDIL414<\/p>\n","protected":false},"excerpt":{"rendered":"<p>LEDIL414<\/p>\n","protected":false},"featured_media":105778,"comment_status":"open","ping_status":"closed","template":"","meta":{"colormag_page_container_layout":"default_layout","colormag_page_sidebar_layout":"default_layout"},"product_brand":[],"product_cat":[146],"product_tag":[],"class_list":{"0":"post-105781","1":"product","2":"type-product","3":"status-publish","4":"has-post-thumbnail","6":"product_cat-led-pirnid-pirnid-xenon","8":"first","9":"instock","10":"shipping-taxable","11":"purchasable","12":"product-type-simple"},"_links":{"self":[{"href":"https:\/\/automatic.ee\/ru\/wp-json\/wp\/v2\/product\/105781","targetHints":{"allow":["GET"]}}],"collection":[{"href":"https:\/\/automatic.ee\/ru\/wp-json\/wp\/v2\/product"}],"about":[{"href":"https:\/\/automatic.ee\/ru\/wp-json\/wp\/v2\/types\/product"}],"replies":[{"embeddable":true,"href":"https:\/\/automatic.ee\/ru\/wp-json\/wp\/v2\/comments?post=105781"}],"wp:featuredmedia":[{"embeddable":true,"href":"https:\/\/automatic.ee\/ru\/wp-json\/wp\/v2\/media\/105778"}],"wp:attachment":[{"href":"https:\/\/automatic.ee\/ru\/wp-json\/wp\/v2\/media?parent=105781"}],"wp:term":[{"taxonomy":"product_brand","embeddable":true,"href":"https:\/\/automatic.ee\/ru\/wp-json\/wp\/v2\/product_brand?post=105781"},{"taxonomy":"product_cat","embeddable":true,"href":"https:\/\/automatic.ee\/ru\/wp-json\/wp\/v2\/product_cat?post=105781"},{"taxonomy":"product_tag","embeddable":true,"href":"https:\/\/automatic.ee\/ru\/wp-json\/wp\/v2\/product_tag?post=105781"}],"curies":[{"name":"wp","href":"https:\/\/api.w.org\/{rel}","templated":true}]}}