{"id":105689,"date":"2025-11-04T03:55:06","date_gmt":"2025-11-04T01:55:06","guid":{"rendered":"https:\/\/automatic.ee\/toode\/bensiini-klappide-puhastuslisand-150ml\/"},"modified":"2025-11-04T03:55:06","modified_gmt":"2025-11-04T01:55:06","slug":"bensiini-klappide-puhastuslisand-150ml","status":"publish","type":"product","link":"https:\/\/automatic.ee\/ru\/toode\/bensiini-klappide-puhastuslisand-150ml\/","title":{"rendered":"BENSIINI KLAPPIDE PUHASTUSLISAND 150ML"},"content":{"rendered":"<p>Tagab mootori parima j\u00f5udluse. Eemaldab klappidele ja p\u00f5lemiskambritesse ladestuva saaste ja hoiab \u00e4ra selle tekke. K\u00fctuse kokkuhoid. Taastab heitmete normivastavuse ja mootori t\u00e4isj\u00f5udluse. Parandab kompressiooni. Puhtad mootorid kulutavad v\u00e4hem k\u00fctust ja on v\u00e4hem saastavad.<\/p>\n<p>LIQUI MOLY<\/p>\n<p>LM1014<\/p>\n","protected":false},"excerpt":{"rendered":"<p>LM1014 LIQUI MOLY<\/p>\n","protected":false},"featured_media":105686,"comment_status":"open","ping_status":"closed","template":"","meta":{"colormag_page_container_layout":"default_layout","colormag_page_sidebar_layout":"default_layout"},"product_brand":[],"product_cat":[108],"product_tag":[],"class_list":{"0":"post-105689","1":"product","2":"type-product","3":"status-publish","4":"has-post-thumbnail","6":"product_cat-misc","8":"first","9":"instock","10":"shipping-taxable","11":"purchasable","12":"product-type-simple"},"_links":{"self":[{"href":"https:\/\/automatic.ee\/ru\/wp-json\/wp\/v2\/product\/105689","targetHints":{"allow":["GET"]}}],"collection":[{"href":"https:\/\/automatic.ee\/ru\/wp-json\/wp\/v2\/product"}],"about":[{"href":"https:\/\/automatic.ee\/ru\/wp-json\/wp\/v2\/types\/product"}],"replies":[{"embeddable":true,"href":"https:\/\/automatic.ee\/ru\/wp-json\/wp\/v2\/comments?post=105689"}],"wp:featuredmedia":[{"embeddable":true,"href":"https:\/\/automatic.ee\/ru\/wp-json\/wp\/v2\/media\/105686"}],"wp:attachment":[{"href":"https:\/\/automatic.ee\/ru\/wp-json\/wp\/v2\/media?parent=105689"}],"wp:term":[{"taxonomy":"product_brand","embeddable":true,"href":"https:\/\/automatic.ee\/ru\/wp-json\/wp\/v2\/product_brand?post=105689"},{"taxonomy":"product_cat","embeddable":true,"href":"https:\/\/automatic.ee\/ru\/wp-json\/wp\/v2\/product_cat?post=105689"},{"taxonomy":"product_tag","embeddable":true,"href":"https:\/\/automatic.ee\/ru\/wp-json\/wp\/v2\/product_tag?post=105689"}],"curies":[{"name":"wp","href":"https:\/\/api.w.org\/{rel}","templated":true}]}}