{"id":105681,"date":"2025-11-04T03:54:54","date_gmt":"2025-11-04T01:54:54","guid":{"rendered":"https:\/\/automatic.ee\/toode\/mootorioli-viskoossuse-stabilisaator-300ml\/"},"modified":"2025-11-04T03:54:54","modified_gmt":"2025-11-04T01:54:54","slug":"mootorioli-viskoossuse-stabilisaator-300ml","status":"publish","type":"product","link":"https:\/\/automatic.ee\/ru\/toode\/mootorioli-viskoossuse-stabilisaator-300ml\/","title":{"rendered":"Mootori\u00f5li viskoossuse stabilisaator 300ml"},"content":{"rendered":"<p>Parim otstarbekohaselt v\u00f5imalik katvus, millega v\u00e4heneb \u00f5likulu ja t\u00f5useb kompressioon. Stabiliseerib mootori\u00f5li ja tagab ideaalse \u00f5lir\u00f5hu. V\u00e4hendab mootori m\u00fcra ning tagab m\u00e4\u00e4rdekihi eeskujuliku stabiilsuse. V\u00e4hendab kulumist.<\/p>\n<p>LIQUI MOLY<\/p>\n<p>LM1017<\/p>\n","protected":false},"excerpt":{"rendered":"<p>LM1017 LIQUI MOLY<\/p>\n","protected":false},"featured_media":105678,"comment_status":"open","ping_status":"closed","template":"","meta":{"colormag_page_container_layout":"default_layout","colormag_page_sidebar_layout":"default_layout"},"product_brand":[],"product_cat":[108],"product_tag":[],"class_list":{"0":"post-105681","1":"product","2":"type-product","3":"status-publish","4":"has-post-thumbnail","6":"product_cat-misc","8":"first","9":"instock","10":"shipping-taxable","11":"purchasable","12":"product-type-simple"},"_links":{"self":[{"href":"https:\/\/automatic.ee\/ru\/wp-json\/wp\/v2\/product\/105681","targetHints":{"allow":["GET"]}}],"collection":[{"href":"https:\/\/automatic.ee\/ru\/wp-json\/wp\/v2\/product"}],"about":[{"href":"https:\/\/automatic.ee\/ru\/wp-json\/wp\/v2\/types\/product"}],"replies":[{"embeddable":true,"href":"https:\/\/automatic.ee\/ru\/wp-json\/wp\/v2\/comments?post=105681"}],"wp:featuredmedia":[{"embeddable":true,"href":"https:\/\/automatic.ee\/ru\/wp-json\/wp\/v2\/media\/105678"}],"wp:attachment":[{"href":"https:\/\/automatic.ee\/ru\/wp-json\/wp\/v2\/media?parent=105681"}],"wp:term":[{"taxonomy":"product_brand","embeddable":true,"href":"https:\/\/automatic.ee\/ru\/wp-json\/wp\/v2\/product_brand?post=105681"},{"taxonomy":"product_cat","embeddable":true,"href":"https:\/\/automatic.ee\/ru\/wp-json\/wp\/v2\/product_cat?post=105681"},{"taxonomy":"product_tag","embeddable":true,"href":"https:\/\/automatic.ee\/ru\/wp-json\/wp\/v2\/product_tag?post=105681"}],"curies":[{"name":"wp","href":"https:\/\/api.w.org\/{rel}","templated":true}]}}