{"id":105645,"date":"2025-11-04T03:54:14","date_gmt":"2025-11-04T01:54:14","guid":{"rendered":"https:\/\/automatic.ee\/toode\/vasemaare-aerosool-250-ml\/"},"modified":"2025-11-04T03:54:14","modified_gmt":"2025-11-04T01:54:14","slug":"vasemaare-aerosool-250-ml","status":"publish","type":"product","link":"https:\/\/automatic.ee\/ru\/toode\/vasemaare-aerosool-250-ml\/","title":{"rendered":"Vasem\u00e4\u00e4re aerosool 250 ml"},"content":{"rendered":"<p>See vasep\u00f5hine sprei on m\u00f5eldud kasutamiseks k\u00f5ige k\u00f5rgematele temperatuuridele ja suurtele survetele allutatud, roostealtitel keermestatud \u00fchendustel ja kontaktpindadel nagu n\u00e4iteks kompressori ja turbiini kruvidel, summutite poltidel ja s\u00fc\u00fctek\u00fc\u00fcnalde keermetel. Kasutusvahemik &#8212; 30 \u00b0C kuni + 1100 \u00b0C.<\/p>\n<p>LIQUI MOLY<\/p>\n<p>LM1520<\/p>\n","protected":false},"excerpt":{"rendered":"<p>LM1520 LIQUI MOLY<\/p>\n","protected":false},"featured_media":105642,"comment_status":"open","ping_status":"closed","template":"","meta":{"colormag_page_container_layout":"default_layout","colormag_page_sidebar_layout":"default_layout"},"product_brand":[],"product_cat":[108],"product_tag":[],"class_list":{"0":"post-105645","1":"product","2":"type-product","3":"status-publish","4":"has-post-thumbnail","6":"product_cat-misc","8":"first","9":"instock","10":"shipping-taxable","11":"purchasable","12":"product-type-simple"},"_links":{"self":[{"href":"https:\/\/automatic.ee\/ru\/wp-json\/wp\/v2\/product\/105645","targetHints":{"allow":["GET"]}}],"collection":[{"href":"https:\/\/automatic.ee\/ru\/wp-json\/wp\/v2\/product"}],"about":[{"href":"https:\/\/automatic.ee\/ru\/wp-json\/wp\/v2\/types\/product"}],"replies":[{"embeddable":true,"href":"https:\/\/automatic.ee\/ru\/wp-json\/wp\/v2\/comments?post=105645"}],"wp:featuredmedia":[{"embeddable":true,"href":"https:\/\/automatic.ee\/ru\/wp-json\/wp\/v2\/media\/105642"}],"wp:attachment":[{"href":"https:\/\/automatic.ee\/ru\/wp-json\/wp\/v2\/media?parent=105645"}],"wp:term":[{"taxonomy":"product_brand","embeddable":true,"href":"https:\/\/automatic.ee\/ru\/wp-json\/wp\/v2\/product_brand?post=105645"},{"taxonomy":"product_cat","embeddable":true,"href":"https:\/\/automatic.ee\/ru\/wp-json\/wp\/v2\/product_cat?post=105645"},{"taxonomy":"product_tag","embeddable":true,"href":"https:\/\/automatic.ee\/ru\/wp-json\/wp\/v2\/product_tag?post=105645"}],"curies":[{"name":"wp","href":"https:\/\/api.w.org\/{rel}","templated":true}]}}