{"id":105593,"date":"2025-11-04T03:53:20","date_gmt":"2025-11-04T01:53:20","guid":{"rendered":"https:\/\/automatic.ee\/toode\/veljepuhastusvahend-1l\/"},"modified":"2025-11-04T03:53:20","modified_gmt":"2025-11-04T01:53:20","slug":"veljepuhastusvahend-1l","status":"publish","type":"product","link":"https:\/\/automatic.ee\/ru\/toode\/veljepuhastusvahend-1l\/","title":{"rendered":"Veljepuhastusvahend 1L"},"content":{"rendered":"<p><strong>Kirjeldus<\/strong><\/p>\n<p> <span class=\"relative -mx-px my-[-0.2rem] rounded px-px py-[0.2rem] transition-colors duration-100 ease-in-out\">Geelip\u00f5hine puhastusvahend, mis on m\u00f5eldud alumiinium- ja terasvelgede \u00f5rnaks ja p\u00f5hjalikuks puhastamiseks piduripulga ja muude mustuste eemaldamiseks. Toode on n\u00f5rk aluselise reaktsiooniga (pH 7\u20138), mis muudab selle ohutuks tundlikele pindadele.<\/span><\/p>\n<p><strong>Kasutusala<\/strong><br \/> <span class=\"relative -mx-px my-[-0.2rem] rounded px-px py-[0.2rem] transition-colors duration-100 ease-in-out\">Eriti sobilik k\u00f5igi velgede puhastamiseks enne autopesu.<\/span><\/p>\n<p><strong>Kasutusjuhis<\/strong><\/p>\n<ol>\n<li> <span class=\"relative -mx-px my-[-0.2rem] rounded px-px py-[0.2rem] bg-[#FCECC1] dark:bg-[#64572A] transition-colors duration-100 ease-in-out\">Raputa purk enne kasutamist.<\/span><\/li>\n<li> <span class=\"relative -mx-px my-[-0.2rem] rounded px-px py-[0.2rem] transition-colors duration-100 ease-in-out\">Pihusta \u00fchtlaselt m\u00e4\u00e4rdunud pinnale.<\/span><\/li>\n<li> <span class=\"relative -mx-px my-[-0.2rem] rounded px-px py-[0.2rem] transition-colors duration-100 ease-in-out\">Lase toimida 5\u20137 minutit, v\u00e4ltides kuivamist.<\/span><\/li>\n<li> <span class=\"relative -mx-px my-[-0.2rem] rounded px-px py-[0.2rem] transition-colors duration-100 ease-in-out\">Vajadusel kasuta k\u00e4sna v\u00f5i harja kangekaelsete mustuste eemaldamiseks.<\/span><\/li>\n<li> <span class=\"relative -mx-px my-[-0.2rem] rounded px-px py-[0.2rem] transition-colors duration-100 ease-in-out\">Loputa veljed tugeva veevooluga.<\/span><\/li>\n<\/ol>\n","protected":false},"excerpt":{"rendered":"<p>LM1597 LIQUI MOLY<\/p>\n","protected":false},"featured_media":105590,"comment_status":"open","ping_status":"closed","template":"","meta":{"colormag_page_container_layout":"default_layout","colormag_page_sidebar_layout":"default_layout"},"product_brand":[],"product_cat":[108],"product_tag":[],"class_list":{"0":"post-105593","1":"product","2":"type-product","3":"status-publish","4":"has-post-thumbnail","6":"product_cat-misc","8":"first","9":"instock","10":"shipping-taxable","11":"purchasable","12":"product-type-simple"},"_links":{"self":[{"href":"https:\/\/automatic.ee\/ru\/wp-json\/wp\/v2\/product\/105593","targetHints":{"allow":["GET"]}}],"collection":[{"href":"https:\/\/automatic.ee\/ru\/wp-json\/wp\/v2\/product"}],"about":[{"href":"https:\/\/automatic.ee\/ru\/wp-json\/wp\/v2\/types\/product"}],"replies":[{"embeddable":true,"href":"https:\/\/automatic.ee\/ru\/wp-json\/wp\/v2\/comments?post=105593"}],"wp:featuredmedia":[{"embeddable":true,"href":"https:\/\/automatic.ee\/ru\/wp-json\/wp\/v2\/media\/105590"}],"wp:attachment":[{"href":"https:\/\/automatic.ee\/ru\/wp-json\/wp\/v2\/media?parent=105593"}],"wp:term":[{"taxonomy":"product_brand","embeddable":true,"href":"https:\/\/automatic.ee\/ru\/wp-json\/wp\/v2\/product_brand?post=105593"},{"taxonomy":"product_cat","embeddable":true,"href":"https:\/\/automatic.ee\/ru\/wp-json\/wp\/v2\/product_cat?post=105593"},{"taxonomy":"product_tag","embeddable":true,"href":"https:\/\/automatic.ee\/ru\/wp-json\/wp\/v2\/product_tag?post=105593"}],"curies":[{"name":"wp","href":"https:\/\/api.w.org\/{rel}","templated":true}]}}