{"id":105589,"date":"2025-11-04T03:53:17","date_gmt":"2025-11-04T01:53:17","guid":{"rendered":"https:\/\/automatic.ee\/toode\/plastikdetailide-hooldusvahend-vanilje-300ml\/"},"modified":"2025-11-04T03:53:17","modified_gmt":"2025-11-04T01:53:17","slug":"plastikdetailide-hooldusvahend-vanilje-300ml","status":"publish","type":"product","link":"https:\/\/automatic.ee\/ru\/toode\/plastikdetailide-hooldusvahend-vanilje-300ml\/","title":{"rendered":"Plastikdetailide hooldusvahend vanilje 300ml."},"content":{"rendered":"<p><strong>Kirjeldus<\/strong><\/p>\n<p> <span class=\"relative -mx-px my-[-0.2rem] rounded px-px py-[0.2rem] transition-colors duration-100 ease-in-out\">Silikoonip\u00f5hine konditsioneer\u2011spray vaniljel\u00f5hnaga plastikule ja kummile auto salongis. Tagab matile pinnale siidise l\u00e4ike, toidab s\u00fcgavuti, omab antistaatilist efekti ja t\u00f5rjub tolmu. Ei j\u00e4ta rasvast kihti<\/span> .<\/p>\n<p><strong>Kasutusala<\/strong><br \/> <span class=\"relative -mx-px my-[-0.2rem] rounded px-px py-[0.2rem] transition-colors duration-100 ease-in-out\">Sobib salongi plastikdetailidele, kummistiiridele, armatuurile, dekoratiivpaneelidele, kaitseraudadele ja teistele pindadele. Toob esile tuhmunud ja fadenud pinnad<\/span> .<\/p>\n<p><strong>Kasutusjuhis<\/strong><\/p>\n<ol>\n<li> <span class=\"relative -mx-px my-[-0.2rem] rounded px-px py-[0.2rem] transition-colors duration-100 ease-in-out\">Raputa purk enne kasutamist.<\/span><\/li>\n<li> <span class=\"relative -mx-px my-[-0.2rem] rounded px-px py-[0.2rem] transition-colors duration-100 ease-in-out\">Pihusta peenelt ~20\u202fcm kauguselt pinnale.<\/span><\/li>\n<li> <span class=\"relative -mx-px my-[-0.2rem] rounded px-px py-[0.2rem] transition-colors duration-100 ease-in-out\">P\u00fchkige pehme lapiga.<\/span><\/li>\n<li> <span class=\"relative -mx-px my-[-0.2rem] rounded px-px py-[0.2rem] transition-colors duration-100 ease-in-out\">Eemalda vajadusel \u00fcleliigne.<\/span><\/li>\n<li> <span class=\"relative -mx-px my-[-0.2rem] rounded px-px py-[0.2rem] transition-colors duration-100 ease-in-out\">Ei sobi roolile, pedaalidele, istmetele ega k\u00e4igukangile \u2014 libisemisohu t\u00f5ttu<\/span>.<\/li>\n<\/ol>\n","protected":false},"excerpt":{"rendered":"<p>LM1598 LIQUI MOLY<\/p>\n","protected":false},"featured_media":105586,"comment_status":"open","ping_status":"closed","template":"","meta":{"colormag_page_container_layout":"default_layout","colormag_page_sidebar_layout":"default_layout"},"product_brand":[],"product_cat":[108],"product_tag":[],"class_list":{"0":"post-105589","1":"product","2":"type-product","3":"status-publish","4":"has-post-thumbnail","6":"product_cat-misc","8":"first","9":"instock","10":"shipping-taxable","11":"purchasable","12":"product-type-simple"},"_links":{"self":[{"href":"https:\/\/automatic.ee\/ru\/wp-json\/wp\/v2\/product\/105589","targetHints":{"allow":["GET"]}}],"collection":[{"href":"https:\/\/automatic.ee\/ru\/wp-json\/wp\/v2\/product"}],"about":[{"href":"https:\/\/automatic.ee\/ru\/wp-json\/wp\/v2\/types\/product"}],"replies":[{"embeddable":true,"href":"https:\/\/automatic.ee\/ru\/wp-json\/wp\/v2\/comments?post=105589"}],"wp:featuredmedia":[{"embeddable":true,"href":"https:\/\/automatic.ee\/ru\/wp-json\/wp\/v2\/media\/105586"}],"wp:attachment":[{"href":"https:\/\/automatic.ee\/ru\/wp-json\/wp\/v2\/media?parent=105589"}],"wp:term":[{"taxonomy":"product_brand","embeddable":true,"href":"https:\/\/automatic.ee\/ru\/wp-json\/wp\/v2\/product_brand?post=105589"},{"taxonomy":"product_cat","embeddable":true,"href":"https:\/\/automatic.ee\/ru\/wp-json\/wp\/v2\/product_cat?post=105589"},{"taxonomy":"product_tag","embeddable":true,"href":"https:\/\/automatic.ee\/ru\/wp-json\/wp\/v2\/product_tag?post=105589"}],"curies":[{"name":"wp","href":"https:\/\/api.w.org\/{rel}","templated":true}]}}