{"id":105581,"date":"2025-11-04T03:53:10","date_gmt":"2025-11-04T01:53:10","guid":{"rendered":"https:\/\/automatic.ee\/toode\/rehvilaike-vaht-400ml\/"},"modified":"2025-11-04T03:53:10","modified_gmt":"2025-11-04T01:53:10","slug":"rehvilaike-vaht-400ml","status":"publish","type":"product","link":"https:\/\/automatic.ee\/ru\/toode\/rehvilaike-vaht-400ml\/","title":{"rendered":"REHVIL\u00c4IKE VAHT 400ml"},"content":{"rendered":"<p><strong>Kirjeldus<\/strong><\/p>\n<p> Silikoonip\u00f5hine pihustusvaht rehvide hoolduseks. Puhastab, kaitseb ja taastab rehvide n\u00e4htava v\u00e4limuse \u00fches t\u00f6\u00f6etapis.<\/p>\n<p><strong>Kasutusala<\/strong><br \/> Rehvide k\u00fclgpindade hoolduseks. Parandab tuhmunud ja hallide pindade v\u00e4limust, j\u00e4tab l\u00e4ike. Mitte kasutada kuumadel, kroomitud v\u00f5i magneesium-velgedel ning mootorrattarehvidel.<\/p>\n<p><strong>Kasutusjuhis<\/strong><\/p>\n<ol>\n<li> Puhasta rehvid mustusest.<\/li>\n<li> Pihusta vaht \u00fchtlaselt k\u00fclgpinnale.<\/li>\n<li> Lase imenduda ja kuivada.<\/li>\n<li> Eemalda vajadusel \u00fcleliigne \u00f5rnalt lapiga. V\u00e4ltida velgede saastumist.<\/li>\n<\/ol>\n","protected":false},"excerpt":{"rendered":"<p>LM1609 LIQUI MOLY<\/p>\n","protected":false},"featured_media":105578,"comment_status":"open","ping_status":"closed","template":"","meta":{"colormag_page_container_layout":"default_layout","colormag_page_sidebar_layout":"default_layout"},"product_brand":[],"product_cat":[108],"product_tag":[],"class_list":{"0":"post-105581","1":"product","2":"type-product","3":"status-publish","4":"has-post-thumbnail","6":"product_cat-misc","8":"first","9":"instock","10":"shipping-taxable","11":"purchasable","12":"product-type-simple"},"_links":{"self":[{"href":"https:\/\/automatic.ee\/ru\/wp-json\/wp\/v2\/product\/105581","targetHints":{"allow":["GET"]}}],"collection":[{"href":"https:\/\/automatic.ee\/ru\/wp-json\/wp\/v2\/product"}],"about":[{"href":"https:\/\/automatic.ee\/ru\/wp-json\/wp\/v2\/types\/product"}],"replies":[{"embeddable":true,"href":"https:\/\/automatic.ee\/ru\/wp-json\/wp\/v2\/comments?post=105581"}],"wp:featuredmedia":[{"embeddable":true,"href":"https:\/\/automatic.ee\/ru\/wp-json\/wp\/v2\/media\/105578"}],"wp:attachment":[{"href":"https:\/\/automatic.ee\/ru\/wp-json\/wp\/v2\/media?parent=105581"}],"wp:term":[{"taxonomy":"product_brand","embeddable":true,"href":"https:\/\/automatic.ee\/ru\/wp-json\/wp\/v2\/product_brand?post=105581"},{"taxonomy":"product_cat","embeddable":true,"href":"https:\/\/automatic.ee\/ru\/wp-json\/wp\/v2\/product_cat?post=105581"},{"taxonomy":"product_tag","embeddable":true,"href":"https:\/\/automatic.ee\/ru\/wp-json\/wp\/v2\/product_tag?post=105581"}],"curies":[{"name":"wp","href":"https:\/\/api.w.org\/{rel}","templated":true}]}}