{"id":105577,"date":"2025-11-04T03:53:07","date_gmt":"2025-11-04T01:53:07","guid":{"rendered":"https:\/\/automatic.ee\/toode\/armatuurlauaplastikdetailide-hooldusvahend-600ml\/"},"modified":"2025-11-04T03:53:07","modified_gmt":"2025-11-04T01:53:07","slug":"armatuurlauaplastikdetailide-hooldusvahend-600ml","status":"publish","type":"product","link":"https:\/\/automatic.ee\/ru\/toode\/armatuurlauaplastikdetailide-hooldusvahend-600ml\/","title":{"rendered":"Armatuurlauaplastikdetailide hooldusvahend 600ml"},"content":{"rendered":"<p><strong>Kirjeldus:<\/strong><\/p>\n<p> <span class=\"relative -mx-px my-[-0.2rem] rounded px-px py-[0.2rem] transition-colors duration-100 ease-in-out\">Silikoonip\u00f5hine spray-konditsioneer plastikule ja kummile auto salongis. Taastab tuhmid ja pleekinud pinnad, j\u00e4tab pehme l\u00e4ike, on antistaatiline, t\u00f5rjub tolmu ja ennetab kriuksumist. Ei j\u00e4ta rasvast kihi.<\/span><\/p>\n<p><strong>Kasutusvaldkonnad:<\/strong><br \/> <span class=\"relative -mx-px my-[-0.2rem] rounded px-px py-[0.2rem] transition-colors duration-100 ease-in-out\">Sobib armatuurlaua, dekoratiivpaneelide, ukseosade, b\u00e4nnerite, kummitiheduse ja muude plast- ning kummielementide hoolduseks auto salongis ja v\u00e4ljas<\/span> .<\/p>\n<p><strong>Kasutusviis:<\/strong><\/p>\n<ol>\n<li> <span class=\"relative -mx-px my-[-0.2rem] rounded px-px py-[0.2rem] transition-colors duration-100 ease-in-out\">Raputa purkut enne kasutamist.<\/span><\/li>\n<li> <span class=\"relative -mx-px my-[-0.2rem] rounded px-px py-[0.2rem] transition-colors duration-100 ease-in-out\">Pihusta peenelt pinnale ~20\u202fcm kauguselt.<\/span><\/li>\n<li> <span class=\"relative -mx-px my-[-0.2rem] rounded px-px py-[0.2rem] transition-colors duration-100 ease-in-out\">P\u00fchkige \u00f5rnalt pehme lapiga p\u00e4rast l\u00fchikest kuivamisaega.<\/span><\/li>\n<li> <span class=\"relative -mx-px my-[-0.2rem] rounded px-px py-[0.2rem] transition-colors duration-100 ease-in-out\">Soovi korral kandke teine kiht s\u00fcgavama l\u00e4ike saavutamiseks.<\/span><\/li>\n<li> <span class=\"relative -mx-px my-[-0.2rem] rounded px-px py-[0.2rem] transition-colors duration-100 ease-in-out\">\u00c4rge kasutage roolil, pedaalidel, istmetel v\u00f5i k\u00e4igukangi \u00fcmbruses \u2014 libisemisoht<\/span> .<\/li>\n<\/ol>\n","protected":false},"excerpt":{"rendered":"<p>LM1610 LIQUI MOLY<\/p>\n","protected":false},"featured_media":105574,"comment_status":"open","ping_status":"closed","template":"","meta":{"colormag_page_container_layout":"default_layout","colormag_page_sidebar_layout":"default_layout"},"product_brand":[],"product_cat":[108],"product_tag":[],"class_list":{"0":"post-105577","1":"product","2":"type-product","3":"status-publish","4":"has-post-thumbnail","6":"product_cat-misc","8":"first","9":"instock","10":"shipping-taxable","11":"purchasable","12":"product-type-simple"},"_links":{"self":[{"href":"https:\/\/automatic.ee\/ru\/wp-json\/wp\/v2\/product\/105577","targetHints":{"allow":["GET"]}}],"collection":[{"href":"https:\/\/automatic.ee\/ru\/wp-json\/wp\/v2\/product"}],"about":[{"href":"https:\/\/automatic.ee\/ru\/wp-json\/wp\/v2\/types\/product"}],"replies":[{"embeddable":true,"href":"https:\/\/automatic.ee\/ru\/wp-json\/wp\/v2\/comments?post=105577"}],"wp:featuredmedia":[{"embeddable":true,"href":"https:\/\/automatic.ee\/ru\/wp-json\/wp\/v2\/media\/105574"}],"wp:attachment":[{"href":"https:\/\/automatic.ee\/ru\/wp-json\/wp\/v2\/media?parent=105577"}],"wp:term":[{"taxonomy":"product_brand","embeddable":true,"href":"https:\/\/automatic.ee\/ru\/wp-json\/wp\/v2\/product_brand?post=105577"},{"taxonomy":"product_cat","embeddable":true,"href":"https:\/\/automatic.ee\/ru\/wp-json\/wp\/v2\/product_cat?post=105577"},{"taxonomy":"product_tag","embeddable":true,"href":"https:\/\/automatic.ee\/ru\/wp-json\/wp\/v2\/product_tag?post=105577"}],"curies":[{"name":"wp","href":"https:\/\/api.w.org\/{rel}","templated":true}]}}