{"id":105561,"date":"2025-11-04T03:52:50","date_gmt":"2025-11-04T01:52:50","guid":{"rendered":"https:\/\/automatic.ee\/toode\/roostelahtisti-aerosool-mos2-ga-300ml\/"},"modified":"2025-11-04T03:52:50","modified_gmt":"2025-11-04T01:52:50","slug":"roostelahtisti-aerosool-mos2-ga-300ml","status":"publish","type":"product","link":"https:\/\/automatic.ee\/ru\/toode\/roostelahtisti-aerosool-mos2-ga-300ml\/","title":{"rendered":"RoostelahtistI aerosool MoS2-ga 300ml"},"content":{"rendered":"<p>Esmaklassiline m\u00e4\u00e4rdeaine k\u00f5ikidele liikuvatele osadele. Tungivus ka k\u00f5ige kitsamatesse vahedesse. Tungib l\u00e4bi rooste ja eemaldab rooste. MoS2 roostesurm Rust Solvent kaotab liikumisega kaasnevad helid ja tagab liikuvate osade katkematult sujuva toimimise. Hoiab \u00e4ra korrosiooni tekke ja oks\u00fcdeerumise. Kiire vaheletungivusega ega kahjusta plastikut, v\u00e4rvkatet ega metalli. Vetth\u00fclgav, madalad h\u00f5\u00f5rdev\u00e4\u00e4rtused t\u00e4nu MoS2 tahkele m\u00e4\u00e4rdele.<\/p>\n<p>LIQUI MOLY<\/p>\n<p>LM1614<\/p>\n","protected":false},"excerpt":{"rendered":"<p>LM1614 LIQUI MOLY<\/p>\n","protected":false},"featured_media":105558,"comment_status":"open","ping_status":"closed","template":"","meta":{"colormag_page_container_layout":"default_layout","colormag_page_sidebar_layout":"default_layout"},"product_brand":[],"product_cat":[108],"product_tag":[],"class_list":{"0":"post-105561","1":"product","2":"type-product","3":"status-publish","4":"has-post-thumbnail","6":"product_cat-misc","8":"first","9":"instock","10":"shipping-taxable","11":"purchasable","12":"product-type-simple"},"_links":{"self":[{"href":"https:\/\/automatic.ee\/ru\/wp-json\/wp\/v2\/product\/105561","targetHints":{"allow":["GET"]}}],"collection":[{"href":"https:\/\/automatic.ee\/ru\/wp-json\/wp\/v2\/product"}],"about":[{"href":"https:\/\/automatic.ee\/ru\/wp-json\/wp\/v2\/types\/product"}],"replies":[{"embeddable":true,"href":"https:\/\/automatic.ee\/ru\/wp-json\/wp\/v2\/comments?post=105561"}],"wp:featuredmedia":[{"embeddable":true,"href":"https:\/\/automatic.ee\/ru\/wp-json\/wp\/v2\/media\/105558"}],"wp:attachment":[{"href":"https:\/\/automatic.ee\/ru\/wp-json\/wp\/v2\/media?parent=105561"}],"wp:term":[{"taxonomy":"product_brand","embeddable":true,"href":"https:\/\/automatic.ee\/ru\/wp-json\/wp\/v2\/product_brand?post=105561"},{"taxonomy":"product_cat","embeddable":true,"href":"https:\/\/automatic.ee\/ru\/wp-json\/wp\/v2\/product_cat?post=105561"},{"taxonomy":"product_tag","embeddable":true,"href":"https:\/\/automatic.ee\/ru\/wp-json\/wp\/v2\/product_tag?post=105561"}],"curies":[{"name":"wp","href":"https:\/\/api.w.org\/{rel}","templated":true}]}}