{"id":105533,"date":"2025-11-04T03:52:09","date_gmt":"2025-11-04T01:52:09","guid":{"rendered":"https:\/\/automatic.ee\/toode\/lohnakuusk-sidrunilohnaline\/"},"modified":"2025-11-04T03:52:09","modified_gmt":"2025-11-04T01:52:09","slug":"lohnakuusk-sidrunilohnaline","status":"publish","type":"product","link":"https:\/\/automatic.ee\/ru\/toode\/lohnakuusk-sidrunilohnaline\/","title":{"rendered":"L\u00f5hnakuusk (Sidrunil\u00f5hnaline)"},"content":{"rendered":"<p><strong>Kirjeldus<\/strong><\/p>\n<p><span class=\"relative -mx-px my-[-0.2rem] rounded px-px py-[0.2rem] transition-colors duration-100 ease-in-out\">Loodusliku sidruni l\u00f5hnaga \u00f5huv\u00e4rskendaja, mis eemaldab ebameeldivad l\u00f5hnad auto salongist.<\/span><\/p>\n","protected":false},"excerpt":{"rendered":"<p>LM1661 LIQUI MOLY<\/p>\n","protected":false},"featured_media":105530,"comment_status":"open","ping_status":"closed","template":"","meta":{"colormag_page_container_layout":"default_layout","colormag_page_sidebar_layout":"default_layout"},"product_brand":[],"product_cat":[108],"product_tag":[],"class_list":{"0":"post-105533","1":"product","2":"type-product","3":"status-publish","4":"has-post-thumbnail","6":"product_cat-misc","8":"first","9":"instock","10":"shipping-taxable","11":"purchasable","12":"product-type-simple"},"_links":{"self":[{"href":"https:\/\/automatic.ee\/ru\/wp-json\/wp\/v2\/product\/105533","targetHints":{"allow":["GET"]}}],"collection":[{"href":"https:\/\/automatic.ee\/ru\/wp-json\/wp\/v2\/product"}],"about":[{"href":"https:\/\/automatic.ee\/ru\/wp-json\/wp\/v2\/types\/product"}],"replies":[{"embeddable":true,"href":"https:\/\/automatic.ee\/ru\/wp-json\/wp\/v2\/comments?post=105533"}],"wp:featuredmedia":[{"embeddable":true,"href":"https:\/\/automatic.ee\/ru\/wp-json\/wp\/v2\/media\/105530"}],"wp:attachment":[{"href":"https:\/\/automatic.ee\/ru\/wp-json\/wp\/v2\/media?parent=105533"}],"wp:term":[{"taxonomy":"product_brand","embeddable":true,"href":"https:\/\/automatic.ee\/ru\/wp-json\/wp\/v2\/product_brand?post=105533"},{"taxonomy":"product_cat","embeddable":true,"href":"https:\/\/automatic.ee\/ru\/wp-json\/wp\/v2\/product_cat?post=105533"},{"taxonomy":"product_tag","embeddable":true,"href":"https:\/\/automatic.ee\/ru\/wp-json\/wp\/v2\/product_tag?post=105533"}],"curies":[{"name":"wp","href":"https:\/\/api.w.org\/{rel}","templated":true}]}}