{"id":105473,"date":"2025-11-04T03:50:59","date_gmt":"2025-11-04T01:50:59","guid":{"rendered":"https:\/\/automatic.ee\/toode\/metallivaba-sunteetiline-eralduspasta-10g\/"},"modified":"2025-11-04T03:50:59","modified_gmt":"2025-11-04T01:50:59","slug":"metallivaba-sunteetiline-eralduspasta-10g","status":"publish","type":"product","link":"https:\/\/automatic.ee\/ru\/toode\/metallivaba-sunteetiline-eralduspasta-10g\/","title":{"rendered":"Metallivaba s\u00fcnteetiline eralduspasta 10g."},"content":{"rendered":"<p><strong>Kirjeldus<\/strong><\/p>\n<p> S\u00fcnteetiline, metallivaba eralduspasta, mis on m\u00f5eldud velgede kinnij\u00e4\u00e4mise ja roostetamise v\u00e4ltimiseks rattaesistel. <\/p>\n<p><strong>Kasutusala<\/strong><\/p>\n<ul>\n<li> Kasutatakse velgede paigaldamiseks s\u00f5idukite rattaesistele.<\/li>\n<li> Tagab korrosioonikaitse ja lihtsustab hilisema demonteerimise.<\/li>\n<li> Sobib kasutamiseks k\u00f5rgete p\u00f6\u00f6rlemiskiiruste korral. <\/li>\n<\/ul>\n<p><strong>Kasutusjuhis<\/strong><\/p>\n<ol>\n<li> Kandke \u00f5huke kiht pastat puhtale ja kuivale rattaesisele.<\/li>\n<li> Paigaldage velg rattaesisele, tagades pasta \u00fchtlase jaotumise.<\/li>\n<li> Vajadusel teostage demonteerimine \u2014 pasta lihtsustab velje eemaldamist. <\/li>\n<\/ol>\n<p><strong>Tehnilised andmed<\/strong><\/p>\n<ul>\n<li> T\u00f6\u00f6tustemperatuuri vahemik: \u201340\u202f\u00b0C kuni +1400\u202f\u00b0C.<\/li>\n<li> Suurep\u00e4rane nakkuvus, takistab isegi k\u00f5rgetel p\u00f6\u00f6rlemiskiirusel v\u00e4ljalendamist.<\/li>\n<\/ul>\n","protected":false},"excerpt":{"rendered":"<p>LM21120 LIQUI MOLY<\/p>\n","protected":false},"featured_media":105470,"comment_status":"open","ping_status":"closed","template":"","meta":{"colormag_page_container_layout":"default_layout","colormag_page_sidebar_layout":"default_layout"},"product_brand":[],"product_cat":[108],"product_tag":[],"class_list":{"0":"post-105473","1":"product","2":"type-product","3":"status-publish","4":"has-post-thumbnail","6":"product_cat-misc","8":"first","9":"instock","10":"shipping-taxable","11":"purchasable","12":"product-type-simple"},"_links":{"self":[{"href":"https:\/\/automatic.ee\/ru\/wp-json\/wp\/v2\/product\/105473","targetHints":{"allow":["GET"]}}],"collection":[{"href":"https:\/\/automatic.ee\/ru\/wp-json\/wp\/v2\/product"}],"about":[{"href":"https:\/\/automatic.ee\/ru\/wp-json\/wp\/v2\/types\/product"}],"replies":[{"embeddable":true,"href":"https:\/\/automatic.ee\/ru\/wp-json\/wp\/v2\/comments?post=105473"}],"wp:featuredmedia":[{"embeddable":true,"href":"https:\/\/automatic.ee\/ru\/wp-json\/wp\/v2\/media\/105470"}],"wp:attachment":[{"href":"https:\/\/automatic.ee\/ru\/wp-json\/wp\/v2\/media?parent=105473"}],"wp:term":[{"taxonomy":"product_brand","embeddable":true,"href":"https:\/\/automatic.ee\/ru\/wp-json\/wp\/v2\/product_brand?post=105473"},{"taxonomy":"product_cat","embeddable":true,"href":"https:\/\/automatic.ee\/ru\/wp-json\/wp\/v2\/product_cat?post=105473"},{"taxonomy":"product_tag","embeddable":true,"href":"https:\/\/automatic.ee\/ru\/wp-json\/wp\/v2\/product_tag?post=105473"}],"curies":[{"name":"wp","href":"https:\/\/api.w.org\/{rel}","templated":true}]}}