{"id":105465,"date":"2025-11-04T03:50:51","date_gmt":"2025-11-04T01:50:51","guid":{"rendered":"https:\/\/automatic.ee\/toode\/oli-suitsemist-takistav-olilisand-300ml\/"},"modified":"2025-11-04T03:50:51","modified_gmt":"2025-11-04T01:50:51","slug":"oli-suitsemist-takistav-olilisand-300ml","status":"publish","type":"product","link":"https:\/\/automatic.ee\/ru\/toode\/oli-suitsemist-takistav-olilisand-300ml\/","title":{"rendered":"\u00d5li suitsemist takistav \u00f5lilisand 300ml"},"content":{"rendered":"<p>Oil Smoke Stop \u00f5lisuitsu peataja v\u00e4hendab nii bensiini- kui ka diiselmootorite \u00f5likadu kolvir\u00f5ngaste ja klappide juhtpukside vahelt. Hoiab \u00e4ra \u00f5lisuitsu ja \u00f5liauru tekke, samuti mootori\u00f5lide viskoossuse languse. Oil Smoke Stop \u00f5lisuitsu peataja t\u00f5stab kompressioonisuhet ja v\u00e4hendab mootori m\u00fcra. Tagab t\u00e4iendava kaitse suure kulumisastmega mootoritele. Pikendab katal\u00fcsaatorite k\u00e4itusressurssi.<\/p>\n<p>LIQUI MOLY<\/p>\n<p>LM2122<\/p>\n","protected":false},"excerpt":{"rendered":"<p>LM2122 LIQUI MOLY<\/p>\n","protected":false},"featured_media":105462,"comment_status":"open","ping_status":"closed","template":"","meta":{"colormag_page_container_layout":"default_layout","colormag_page_sidebar_layout":"default_layout"},"product_brand":[],"product_cat":[108],"product_tag":[],"class_list":{"0":"post-105465","1":"product","2":"type-product","3":"status-publish","4":"has-post-thumbnail","6":"product_cat-misc","8":"first","9":"instock","10":"shipping-taxable","11":"purchasable","12":"product-type-simple"},"_links":{"self":[{"href":"https:\/\/automatic.ee\/ru\/wp-json\/wp\/v2\/product\/105465","targetHints":{"allow":["GET"]}}],"collection":[{"href":"https:\/\/automatic.ee\/ru\/wp-json\/wp\/v2\/product"}],"about":[{"href":"https:\/\/automatic.ee\/ru\/wp-json\/wp\/v2\/types\/product"}],"replies":[{"embeddable":true,"href":"https:\/\/automatic.ee\/ru\/wp-json\/wp\/v2\/comments?post=105465"}],"wp:featuredmedia":[{"embeddable":true,"href":"https:\/\/automatic.ee\/ru\/wp-json\/wp\/v2\/media\/105462"}],"wp:attachment":[{"href":"https:\/\/automatic.ee\/ru\/wp-json\/wp\/v2\/media?parent=105465"}],"wp:term":[{"taxonomy":"product_brand","embeddable":true,"href":"https:\/\/automatic.ee\/ru\/wp-json\/wp\/v2\/product_brand?post=105465"},{"taxonomy":"product_cat","embeddable":true,"href":"https:\/\/automatic.ee\/ru\/wp-json\/wp\/v2\/product_cat?post=105465"},{"taxonomy":"product_tag","embeddable":true,"href":"https:\/\/automatic.ee\/ru\/wp-json\/wp\/v2\/product_tag?post=105465"}],"curies":[{"name":"wp","href":"https:\/\/api.w.org\/{rel}","templated":true}]}}