{"id":105409,"date":"2025-11-04T03:49:53","date_gmt":"2025-11-04T01:49:53","guid":{"rendered":"https:\/\/automatic.ee\/toode\/bensiini-sissepritsesusteemi-puhastusaine-lpg-300ml\/"},"modified":"2025-11-04T03:49:53","modified_gmt":"2025-11-04T01:49:53","slug":"bensiini-sissepritsesusteemi-puhastusaine-lpg-300ml","status":"publish","type":"product","link":"https:\/\/automatic.ee\/ru\/toode\/bensiini-sissepritsesusteemi-puhastusaine-lpg-300ml\/","title":{"rendered":"BENSIINI SISSEPRITSES\u00dcSTEEMI PUHASTUSAINE LPG 300ML"},"content":{"rendered":"<p><strong>Kirjeldus<\/strong><\/p>\n<p> <span class=\"relative -mx-px my-[-0.2rem] rounded px-px py-[0.2rem] transition-colors duration-100 ease-in-out\">Puhastus- ja kaitsevahend bensiini sissepritses\u00fcsteemile koos LPG-ga. Eemaldab mustuse, vaikud, liimi ja hoiab pihustid puhtad<\/span> .<\/p>\n<p><strong>Kasutusala<\/strong><br \/> <span class=\"relative -mx-px my-[-0.2rem] rounded px-px py-[0.2rem] transition-colors duration-100 ease-in-out\">Sobib bensiinimootoritele, millel on paigaldatud gaasis\u00fcsteem (LPG); puhastab ja kaitseb s\u00fcstimis\u00fcsteemi mustuse eest.<\/span><\/p>\n<p><strong>Kasutusjuhis<\/strong><\/p>\n<ol>\n<li> <span class=\"relative -mx-px my-[-0.2rem] rounded px-px py-[0.2rem] transition-colors duration-100 ease-in-out\">Lisa kogu 300\u202fml pudelit t\u00e4is bensiinipaaki tankimise ajal.<\/span><\/li>\n<li> <span class=\"relative -mx-px my-[-0.2rem] rounded px-px py-[0.2rem] transition-colors duration-100 ease-in-out\">Kasuta iga ~10\u202f000\u202fkm j\u00e4rel v\u00f5i kui m\u00e4rgatav on j\u00f5udluse langus<\/span><\/li>\n<\/ol>\n","protected":false},"excerpt":{"rendered":"<p>LM21786 LIQUI MOLY<\/p>\n","protected":false},"featured_media":105406,"comment_status":"open","ping_status":"closed","template":"","meta":{"colormag_page_container_layout":"default_layout","colormag_page_sidebar_layout":"default_layout"},"product_brand":[],"product_cat":[108],"product_tag":[],"class_list":{"0":"post-105409","1":"product","2":"type-product","3":"status-publish","4":"has-post-thumbnail","6":"product_cat-misc","8":"first","9":"instock","10":"shipping-taxable","11":"purchasable","12":"product-type-simple"},"_links":{"self":[{"href":"https:\/\/automatic.ee\/ru\/wp-json\/wp\/v2\/product\/105409","targetHints":{"allow":["GET"]}}],"collection":[{"href":"https:\/\/automatic.ee\/ru\/wp-json\/wp\/v2\/product"}],"about":[{"href":"https:\/\/automatic.ee\/ru\/wp-json\/wp\/v2\/types\/product"}],"replies":[{"embeddable":true,"href":"https:\/\/automatic.ee\/ru\/wp-json\/wp\/v2\/comments?post=105409"}],"wp:featuredmedia":[{"embeddable":true,"href":"https:\/\/automatic.ee\/ru\/wp-json\/wp\/v2\/media\/105406"}],"wp:attachment":[{"href":"https:\/\/automatic.ee\/ru\/wp-json\/wp\/v2\/media?parent=105409"}],"wp:term":[{"taxonomy":"product_brand","embeddable":true,"href":"https:\/\/automatic.ee\/ru\/wp-json\/wp\/v2\/product_brand?post=105409"},{"taxonomy":"product_cat","embeddable":true,"href":"https:\/\/automatic.ee\/ru\/wp-json\/wp\/v2\/product_cat?post=105409"},{"taxonomy":"product_tag","embeddable":true,"href":"https:\/\/automatic.ee\/ru\/wp-json\/wp\/v2\/product_tag?post=105409"}],"curies":[{"name":"wp","href":"https:\/\/api.w.org\/{rel}","templated":true}]}}