{"id":105377,"date":"2025-11-04T03:49:22","date_gmt":"2025-11-04T01:49:22","guid":{"rendered":"https:\/\/automatic.ee\/toode\/klaasi-puhastusvaht-300ml\/"},"modified":"2025-11-04T03:49:22","modified_gmt":"2025-11-04T01:49:22","slug":"klaasi-puhastusvaht-300ml","status":"publish","type":"product","link":"https:\/\/automatic.ee\/ru\/toode\/klaasi-puhastusvaht-300ml\/","title":{"rendered":"KLAASI PUHASTUSVAHT  300ML"},"content":{"rendered":"<p><strong>Kirjeldus<\/strong><\/p>\n<p> Vahtpuhastusvahend akende ja peeglite puhastamiseks. Eemaldab kiiresti mustuse, tolmu ja s\u00f5rmej\u00e4ljed, j\u00e4ttes ilma triipudeta.<\/p>\n<p><strong>Kasutusala<\/strong><br \/> Sobib auto k\u00f5igi klaaspindade jaoks \u2013 tuule-, k\u00fcljeaknad, peeglid ning s\u00f5iduki siseklaasid ja peeglid.<\/p>\n<p><strong>Kasutusviis<\/strong><\/p>\n<ol>\n<li> Raputada purk enne kasutamist.<\/li>\n<li> Pihustada \u00fchtlaselt pinnale umbes 15\u201320\u202fcm kauguselt.<\/li>\n<li> P\u00fchkida puhta ja pehme lapiga kuivaks.<\/li>\n<li> Vajadusel korrata optimaalse tulemuse saavutamiseks.<\/li>\n<\/ol>\n","protected":false},"excerpt":{"rendered":"<p>LM23081 LIQUI MOLY<\/p>\n","protected":false},"featured_media":105374,"comment_status":"open","ping_status":"closed","template":"","meta":{"colormag_page_container_layout":"default_layout","colormag_page_sidebar_layout":"default_layout"},"product_brand":[],"product_cat":[108],"product_tag":[],"class_list":{"0":"post-105377","1":"product","2":"type-product","3":"status-publish","4":"has-post-thumbnail","6":"product_cat-misc","8":"first","9":"instock","10":"shipping-taxable","11":"purchasable","12":"product-type-simple"},"_links":{"self":[{"href":"https:\/\/automatic.ee\/ru\/wp-json\/wp\/v2\/product\/105377","targetHints":{"allow":["GET"]}}],"collection":[{"href":"https:\/\/automatic.ee\/ru\/wp-json\/wp\/v2\/product"}],"about":[{"href":"https:\/\/automatic.ee\/ru\/wp-json\/wp\/v2\/types\/product"}],"replies":[{"embeddable":true,"href":"https:\/\/automatic.ee\/ru\/wp-json\/wp\/v2\/comments?post=105377"}],"wp:featuredmedia":[{"embeddable":true,"href":"https:\/\/automatic.ee\/ru\/wp-json\/wp\/v2\/media\/105374"}],"wp:attachment":[{"href":"https:\/\/automatic.ee\/ru\/wp-json\/wp\/v2\/media?parent=105377"}],"wp:term":[{"taxonomy":"product_brand","embeddable":true,"href":"https:\/\/automatic.ee\/ru\/wp-json\/wp\/v2\/product_brand?post=105377"},{"taxonomy":"product_cat","embeddable":true,"href":"https:\/\/automatic.ee\/ru\/wp-json\/wp\/v2\/product_cat?post=105377"},{"taxonomy":"product_tag","embeddable":true,"href":"https:\/\/automatic.ee\/ru\/wp-json\/wp\/v2\/product_tag?post=105377"}],"curies":[{"name":"wp","href":"https:\/\/api.w.org\/{rel}","templated":true}]}}