{"id":105373,"date":"2025-11-04T03:49:18","date_gmt":"2025-11-04T01:49:18","guid":{"rendered":"https:\/\/automatic.ee\/toode\/kroompindade-poleerimisvahend-250ml\/"},"modified":"2025-11-04T03:49:18","modified_gmt":"2025-11-04T01:49:18","slug":"kroompindade-poleerimisvahend-250ml","status":"publish","type":"product","link":"https:\/\/automatic.ee\/ru\/toode\/kroompindade-poleerimisvahend-250ml\/","title":{"rendered":"KROOMPINDADE POLEERIMISVAHEND 250ML"},"content":{"rendered":"<p><strong>Kirjeldus<\/strong><\/p>\n<p> <span class=\"relative -mx-px my-[-0.2rem] rounded px-px py-[0.2rem] transition-colors duration-100 ease-in-out\">Kreem kroomitud pindade poleerimiseks. Eemaldab tuhmiduse ja rooste, taastab originaalse l\u00e4ike. Moodustab kaitsekihti, mis pikendab hooldatud v\u00e4limust.<\/span><\/p>\n<p><strong>Kasutusala<\/strong><br \/> <span class=\"relative -mx-px my-[-0.2rem] rounded px-px py-[0.2rem] transition-colors duration-100 ease-in-out\">Sobib k\u00f5igile kroomdetailidele autodel, mootorratastel ja jalgratastel: kaitserauad, veljed, dekoratiivesemed ja lisavarustus<\/span> .<\/p>\n<p><strong>Kasutusjuhis<\/strong><\/p>\n<ol>\n<li> Puhasta pind mustusest ja tolmust.<\/li>\n<li> Kanna kreem v\u00e4ikese koguse pehmele lapile.<\/li>\n<li> Poleeri pind ringjate liigutustega kuni tuhmi ei ole.<\/li>\n<li> Eemalda kreemi j\u00e4\u00e4gid puhta salvr\u00e4tikuga, vajadusel kordatakse protsessi.<\/li>\n<\/ol>\n","protected":false},"excerpt":{"rendered":"<p>LM23082 LIQUI MOLY<\/p>\n","protected":false},"featured_media":105370,"comment_status":"open","ping_status":"closed","template":"","meta":{"colormag_page_container_layout":"default_layout","colormag_page_sidebar_layout":"default_layout"},"product_brand":[],"product_cat":[108],"product_tag":[],"class_list":{"0":"post-105373","1":"product","2":"type-product","3":"status-publish","4":"has-post-thumbnail","6":"product_cat-misc","8":"first","9":"instock","10":"shipping-taxable","11":"purchasable","12":"product-type-simple"},"_links":{"self":[{"href":"https:\/\/automatic.ee\/ru\/wp-json\/wp\/v2\/product\/105373","targetHints":{"allow":["GET"]}}],"collection":[{"href":"https:\/\/automatic.ee\/ru\/wp-json\/wp\/v2\/product"}],"about":[{"href":"https:\/\/automatic.ee\/ru\/wp-json\/wp\/v2\/types\/product"}],"replies":[{"embeddable":true,"href":"https:\/\/automatic.ee\/ru\/wp-json\/wp\/v2\/comments?post=105373"}],"wp:featuredmedia":[{"embeddable":true,"href":"https:\/\/automatic.ee\/ru\/wp-json\/wp\/v2\/media\/105370"}],"wp:attachment":[{"href":"https:\/\/automatic.ee\/ru\/wp-json\/wp\/v2\/media?parent=105373"}],"wp:term":[{"taxonomy":"product_brand","embeddable":true,"href":"https:\/\/automatic.ee\/ru\/wp-json\/wp\/v2\/product_brand?post=105373"},{"taxonomy":"product_cat","embeddable":true,"href":"https:\/\/automatic.ee\/ru\/wp-json\/wp\/v2\/product_cat?post=105373"},{"taxonomy":"product_tag","embeddable":true,"href":"https:\/\/automatic.ee\/ru\/wp-json\/wp\/v2\/product_tag?post=105373"}],"curies":[{"name":"wp","href":"https:\/\/api.w.org\/{rel}","templated":true}]}}