{"id":105317,"date":"2025-11-04T03:48:00","date_gmt":"2025-11-04T01:48:00","guid":{"rendered":"https:\/\/automatic.ee\/toode\/bensiini-stabilisaatorlisand-cng-lpg-250ml-2\/"},"modified":"2025-11-04T03:48:00","modified_gmt":"2025-11-04T01:48:00","slug":"bensiini-stabilisaatorlisand-cng-lpg-250ml-2","status":"publish","type":"product","link":"https:\/\/automatic.ee\/ru\/toode\/bensiini-stabilisaatorlisand-cng-lpg-250ml-2\/","title":{"rendered":"Bensiini stabilisaatorlisand CNG\/LPG 250ml"},"content":{"rendered":"<p>Autovitamiin &#171;CNG\/LPG Bensiinistabilisaator&#187; on m\u00f5eldud kasutamiseks peamiselt gaasiga t\u00f6\u00f6tavates s\u00f5idukites, kus bensiin v\u00f5ib paaki seisma j\u00e4\u00e4da pikemaks ajaks. Lisand kaitseb bensiini oks\u00fcdeerumise ja vananemise eest. Lisand on pikaajalise toimega s\u00e4ilitades nii bensiini omadused kuni 24 kuud.<\/p>\n","protected":false},"excerpt":{"rendered":"<p>LM2817<\/p>\n","protected":false},"featured_media":105314,"comment_status":"open","ping_status":"closed","template":"","meta":{"colormag_page_container_layout":"default_layout","colormag_page_sidebar_layout":"default_layout"},"product_brand":[],"product_cat":[128],"product_tag":[],"class_list":{"0":"post-105317","1":"product","2":"type-product","3":"status-publish","4":"has-post-thumbnail","6":"product_cat-autokeemia","8":"first","9":"instock","10":"shipping-taxable","11":"purchasable","12":"product-type-simple"},"_links":{"self":[{"href":"https:\/\/automatic.ee\/ru\/wp-json\/wp\/v2\/product\/105317","targetHints":{"allow":["GET"]}}],"collection":[{"href":"https:\/\/automatic.ee\/ru\/wp-json\/wp\/v2\/product"}],"about":[{"href":"https:\/\/automatic.ee\/ru\/wp-json\/wp\/v2\/types\/product"}],"replies":[{"embeddable":true,"href":"https:\/\/automatic.ee\/ru\/wp-json\/wp\/v2\/comments?post=105317"}],"wp:featuredmedia":[{"embeddable":true,"href":"https:\/\/automatic.ee\/ru\/wp-json\/wp\/v2\/media\/105314"}],"wp:attachment":[{"href":"https:\/\/automatic.ee\/ru\/wp-json\/wp\/v2\/media?parent=105317"}],"wp:term":[{"taxonomy":"product_brand","embeddable":true,"href":"https:\/\/automatic.ee\/ru\/wp-json\/wp\/v2\/product_brand?post=105317"},{"taxonomy":"product_cat","embeddable":true,"href":"https:\/\/automatic.ee\/ru\/wp-json\/wp\/v2\/product_cat?post=105317"},{"taxonomy":"product_tag","embeddable":true,"href":"https:\/\/automatic.ee\/ru\/wp-json\/wp\/v2\/product_tag?post=105317"}],"curies":[{"name":"wp","href":"https:\/\/api.w.org\/{rel}","templated":true}]}}