{"id":105309,"date":"2025-11-04T03:47:33","date_gmt":"2025-11-04T01:47:33","guid":{"rendered":"https:\/\/automatic.ee\/toode\/kutusekaitselisand-bensiinile-seob-ja-eemaldab-vee-300ml\/"},"modified":"2025-11-04T03:47:33","modified_gmt":"2025-11-04T01:47:33","slug":"kutusekaitselisand-bensiinile-seob-ja-eemaldab-vee-300ml","status":"publish","type":"product","link":"https:\/\/automatic.ee\/ru\/toode\/kutusekaitselisand-bensiinile-seob-ja-eemaldab-vee-300ml\/","title":{"rendered":"K\u00fctusekaitselisand bensiinile (seob ja eemaldab vee) 300ml"},"content":{"rendered":"<p><strong>Kirjeldus<\/strong><\/p>\n<p> <span class=\"relative -mx-px my-[-0.2rem] rounded px-px py-[0.2rem] transition-colors duration-100 ease-in-out\">Tuhatu lisand bensiini, mis ise seguneb k\u00fctusega. M\u00f5eldud bensiinis\u00fcsteemi korrosiooni ja probleemide v\u00e4ltimiseks, eriti niiskusega saastunud k\u00fctuse puhul.<\/span><\/p>\n<p><strong>Kasutusvaldkonnad<\/strong><br \/> <span class=\"relative -mx-px my-[-0.2rem] rounded px-px py-[0.2rem] transition-colors duration-100 ease-in-out\">K\u00f5ikidele bensiinimootoritele (nii karburaator kui s\u00fcstimine). Sobib k\u00e4ivitusraskuste, ebastabiilse t\u00fchik\u00e4igu, n\u00f5rga gaasipedaali reaktsiooni ja v\u00f5imsuse languse korral. Kaitseb pihusteid, ennetab karburaatori j\u00e4\u00e4tumist ja eemaldab kogunenud vee<\/span> .<\/p>\n<p><strong>Kasutusjuhis<\/strong><br \/> <span class=\"relative -mx-px my-[-0.2rem] rounded px-px py-[0.2rem] transition-colors duration-100 ease-in-out\">Lisa 300\u202fml iga t\u00e4ispaagit\u00e4ituse kohta (~60\u202fl) v\u00f5i iga ~10\u202f000\u202fkm j\u00e4rel<\/span> .<\/p>\n","protected":false},"excerpt":{"rendered":"<p>LM2955 LIQUI MOLY<\/p>\n","protected":false},"featured_media":105306,"comment_status":"open","ping_status":"closed","template":"","meta":{"colormag_page_container_layout":"default_layout","colormag_page_sidebar_layout":"default_layout"},"product_brand":[],"product_cat":[108],"product_tag":[],"class_list":{"0":"post-105309","1":"product","2":"type-product","3":"status-publish","4":"has-post-thumbnail","6":"product_cat-misc","8":"first","9":"instock","10":"shipping-taxable","11":"purchasable","12":"product-type-simple"},"_links":{"self":[{"href":"https:\/\/automatic.ee\/ru\/wp-json\/wp\/v2\/product\/105309","targetHints":{"allow":["GET"]}}],"collection":[{"href":"https:\/\/automatic.ee\/ru\/wp-json\/wp\/v2\/product"}],"about":[{"href":"https:\/\/automatic.ee\/ru\/wp-json\/wp\/v2\/types\/product"}],"replies":[{"embeddable":true,"href":"https:\/\/automatic.ee\/ru\/wp-json\/wp\/v2\/comments?post=105309"}],"wp:featuredmedia":[{"embeddable":true,"href":"https:\/\/automatic.ee\/ru\/wp-json\/wp\/v2\/media\/105306"}],"wp:attachment":[{"href":"https:\/\/automatic.ee\/ru\/wp-json\/wp\/v2\/media?parent=105309"}],"wp:term":[{"taxonomy":"product_brand","embeddable":true,"href":"https:\/\/automatic.ee\/ru\/wp-json\/wp\/v2\/product_brand?post=105309"},{"taxonomy":"product_cat","embeddable":true,"href":"https:\/\/automatic.ee\/ru\/wp-json\/wp\/v2\/product_cat?post=105309"},{"taxonomy":"product_tag","embeddable":true,"href":"https:\/\/automatic.ee\/ru\/wp-json\/wp\/v2\/product_tag?post=105309"}],"curies":[{"name":"wp","href":"https:\/\/api.w.org\/{rel}","templated":true}]}}