{"id":105261,"date":"2025-11-04T03:44:42","date_gmt":"2025-11-04T01:44:42","guid":{"rendered":"https:\/\/automatic.ee\/toode\/elektroonikahooldus-sprei-200ml\/"},"modified":"2025-11-04T03:44:42","modified_gmt":"2025-11-04T01:44:42","slug":"elektroonikahooldus-sprei-200ml","status":"publish","type":"product","link":"https:\/\/automatic.ee\/ru\/toode\/elektroonikahooldus-sprei-200ml\/","title":{"rendered":"Elektroonikahooldus-sprei 200ml"},"content":{"rendered":"<p>Elektris\u00fcsteemi t\u00f6\u00f6kindluse tagamiseks. V\u00e4hendab kulumist. P\u00e4rsib niiskust. Ei kahjusta v\u00e4rvkatet, plastikut ega kummidetaile. Puhastab ja kaitseb korrosiooni eest. Head m\u00e4\u00e4rimisomadused. T\u00e4iss\u00fcnteetiline.<\/p>\n","protected":false},"excerpt":{"rendered":"<p>LM3110<\/p>\n","protected":false},"featured_media":105258,"comment_status":"open","ping_status":"closed","template":"","meta":{"colormag_page_container_layout":"default_layout","colormag_page_sidebar_layout":"default_layout"},"product_brand":[],"product_cat":[128],"product_tag":[],"class_list":{"0":"post-105261","1":"product","2":"type-product","3":"status-publish","4":"has-post-thumbnail","6":"product_cat-autokeemia","8":"first","9":"instock","10":"shipping-taxable","11":"purchasable","12":"product-type-simple"},"_links":{"self":[{"href":"https:\/\/automatic.ee\/ru\/wp-json\/wp\/v2\/product\/105261","targetHints":{"allow":["GET"]}}],"collection":[{"href":"https:\/\/automatic.ee\/ru\/wp-json\/wp\/v2\/product"}],"about":[{"href":"https:\/\/automatic.ee\/ru\/wp-json\/wp\/v2\/types\/product"}],"replies":[{"embeddable":true,"href":"https:\/\/automatic.ee\/ru\/wp-json\/wp\/v2\/comments?post=105261"}],"wp:featuredmedia":[{"embeddable":true,"href":"https:\/\/automatic.ee\/ru\/wp-json\/wp\/v2\/media\/105258"}],"wp:attachment":[{"href":"https:\/\/automatic.ee\/ru\/wp-json\/wp\/v2\/media?parent=105261"}],"wp:term":[{"taxonomy":"product_brand","embeddable":true,"href":"https:\/\/automatic.ee\/ru\/wp-json\/wp\/v2\/product_brand?post=105261"},{"taxonomy":"product_cat","embeddable":true,"href":"https:\/\/automatic.ee\/ru\/wp-json\/wp\/v2\/product_cat?post=105261"},{"taxonomy":"product_tag","embeddable":true,"href":"https:\/\/automatic.ee\/ru\/wp-json\/wp\/v2\/product_tag?post=105261"}],"curies":[{"name":"wp","href":"https:\/\/api.w.org\/{rel}","templated":true}]}}