{"id":105257,"date":"2025-11-04T03:44:35","date_gmt":"2025-11-04T01:44:35","guid":{"rendered":"https:\/\/automatic.ee\/toode\/akuklemmide-kaitsemaare-10g-liqui-moly\/"},"modified":"2025-11-04T03:44:35","modified_gmt":"2025-11-04T01:44:35","slug":"akuklemmide-kaitsemaare-10g-liqui-moly","status":"publish","type":"product","link":"https:\/\/automatic.ee\/ru\/toode\/akuklemmide-kaitsemaare-10g-liqui-moly\/","title":{"rendered":"AKUKLEMMIDE KAITSEM\u00c4\u00c4RE 10G LIQUI MOLY"},"content":{"rendered":"<p>Liqui Moly LM3139\/8045 Batterie-Pol-Fett akuklemmide m\u00e4\u00e4rdeaine sobib k\u00f5ikidele elektrikontaktidele. Moodustab kaitsekile, hoiab \u00e4ra korrosiooni, v\u00e4hendab vooluleket ning blokeerib happe ja niiskuse l\u00e4bitungimise elektrikontaktide toiteks.  M\u00e4\u00e4rdeaine LM 3139\/8045 s\u00fcnteetilise happekindla vaseliini baasil, punane. Hea suhtlemine plastikuga, korrosioonivastane toime, voolulekke v\u00e4ltimine, kontakttakistuse v\u00e4hendamine &#8212; tagab aku usaldusv\u00e4\u00e4rse t\u00f6\u00f6 ja pikendab kasutusiga.<\/p>\n","protected":false},"excerpt":{"rendered":"<p>LM3139 LIQUI MOLY<\/p>\n","protected":false},"featured_media":105254,"comment_status":"open","ping_status":"closed","template":"","meta":{"colormag_page_container_layout":"default_layout","colormag_page_sidebar_layout":"default_layout"},"product_brand":[],"product_cat":[108],"product_tag":[],"class_list":{"0":"post-105257","1":"product","2":"type-product","3":"status-publish","4":"has-post-thumbnail","6":"product_cat-misc","8":"first","9":"instock","10":"shipping-taxable","11":"purchasable","12":"product-type-simple"},"_links":{"self":[{"href":"https:\/\/automatic.ee\/ru\/wp-json\/wp\/v2\/product\/105257","targetHints":{"allow":["GET"]}}],"collection":[{"href":"https:\/\/automatic.ee\/ru\/wp-json\/wp\/v2\/product"}],"about":[{"href":"https:\/\/automatic.ee\/ru\/wp-json\/wp\/v2\/types\/product"}],"replies":[{"embeddable":true,"href":"https:\/\/automatic.ee\/ru\/wp-json\/wp\/v2\/comments?post=105257"}],"wp:featuredmedia":[{"embeddable":true,"href":"https:\/\/automatic.ee\/ru\/wp-json\/wp\/v2\/media\/105254"}],"wp:attachment":[{"href":"https:\/\/automatic.ee\/ru\/wp-json\/wp\/v2\/media?parent=105257"}],"wp:term":[{"taxonomy":"product_brand","embeddable":true,"href":"https:\/\/automatic.ee\/ru\/wp-json\/wp\/v2\/product_brand?post=105257"},{"taxonomy":"product_cat","embeddable":true,"href":"https:\/\/automatic.ee\/ru\/wp-json\/wp\/v2\/product_cat?post=105257"},{"taxonomy":"product_tag","embeddable":true,"href":"https:\/\/automatic.ee\/ru\/wp-json\/wp\/v2\/product_tag?post=105257"}],"curies":[{"name":"wp","href":"https:\/\/api.w.org\/{rel}","templated":true}]}}