{"id":105233,"date":"2025-11-04T03:44:09","date_gmt":"2025-11-04T01:44:09","guid":{"rendered":"https:\/\/automatic.ee\/toode\/jahutussusteemi-puhastuslisand-300ml-liqui-moly\/"},"modified":"2025-11-04T03:44:09","modified_gmt":"2025-11-04T01:44:09","slug":"jahutussusteemi-puhastuslisand-300ml-liqui-moly","status":"publish","type":"product","link":"https:\/\/automatic.ee\/ru\/toode\/jahutussusteemi-puhastuslisand-300ml-liqui-moly\/","title":{"rendered":"Jahutuss\u00fcsteemi puhastuslisand 300ml LIQUI MOLY"},"content":{"rendered":"<p>Setted jahutus-\/k\u00fcttes\u00fcsteemis takistavad soojusvahetust, ummistavad termostaadi ja takistavad seadistusmehhanismi t\u00f6\u00f6d. Mootori \u00fclekuumenemine toob kaasa liiase k\u00fctusekulu ja mootori kiire kulumise ning rikkeohu. Radiaatori puhastusaine eemaldab katlakivi, tagades mootori ideaalse t\u00f6\u00f6temperatuuri ja t\u00f6\u00f6kindluse. Ei sisalda mitte mingisuguseid s\u00f6\u00f6vitavaid happeid ega leeliseid.<\/p>\n<p>LIQUI MOLY<\/p>\n<p>LM3320<\/p>\n","protected":false},"excerpt":{"rendered":"<p>LM3320 LIQUI MOLY<\/p>\n","protected":false},"featured_media":105230,"comment_status":"open","ping_status":"closed","template":"","meta":{"colormag_page_container_layout":"default_layout","colormag_page_sidebar_layout":"default_layout"},"product_brand":[],"product_cat":[108],"product_tag":[],"class_list":{"0":"post-105233","1":"product","2":"type-product","3":"status-publish","4":"has-post-thumbnail","6":"product_cat-misc","8":"first","9":"instock","10":"shipping-taxable","11":"purchasable","12":"product-type-simple"},"_links":{"self":[{"href":"https:\/\/automatic.ee\/ru\/wp-json\/wp\/v2\/product\/105233","targetHints":{"allow":["GET"]}}],"collection":[{"href":"https:\/\/automatic.ee\/ru\/wp-json\/wp\/v2\/product"}],"about":[{"href":"https:\/\/automatic.ee\/ru\/wp-json\/wp\/v2\/types\/product"}],"replies":[{"embeddable":true,"href":"https:\/\/automatic.ee\/ru\/wp-json\/wp\/v2\/comments?post=105233"}],"wp:featuredmedia":[{"embeddable":true,"href":"https:\/\/automatic.ee\/ru\/wp-json\/wp\/v2\/media\/105230"}],"wp:attachment":[{"href":"https:\/\/automatic.ee\/ru\/wp-json\/wp\/v2\/media?parent=105233"}],"wp:term":[{"taxonomy":"product_brand","embeddable":true,"href":"https:\/\/automatic.ee\/ru\/wp-json\/wp\/v2\/product_brand?post=105233"},{"taxonomy":"product_cat","embeddable":true,"href":"https:\/\/automatic.ee\/ru\/wp-json\/wp\/v2\/product_cat?post=105233"},{"taxonomy":"product_tag","embeddable":true,"href":"https:\/\/automatic.ee\/ru\/wp-json\/wp\/v2\/product_tag?post=105233"}],"curies":[{"name":"wp","href":"https:\/\/api.w.org\/{rel}","templated":true}]}}