{"id":105213,"date":"2025-11-04T03:43:41","date_gmt":"2025-11-04T01:43:41","guid":{"rendered":"https:\/\/automatic.ee\/toode\/rehviparandusvaht-%d0%bf%d0%b5%d0%bd%d0%b0-%d0%b4%d0%bb%d1%8f-%d1%80%d0%b5%d0%bc%d0%be%d0%bd%d1%82%d0%b0-%d1%88%d0%b8%d0%bd-400ml\/"},"modified":"2025-11-04T03:43:41","modified_gmt":"2025-11-04T01:43:41","slug":"rehviparandusvaht-%d0%bf%d0%b5%d0%bd%d0%b0-%d0%b4%d0%bb%d1%8f-%d1%80%d0%b5%d0%bc%d0%be%d0%bd%d1%82%d0%b0-%d1%88%d0%b8%d0%bd-400ml","status":"publish","type":"product","link":"https:\/\/automatic.ee\/ru\/toode\/rehviparandusvaht-%d0%bf%d0%b5%d0%bd%d0%b0-%d0%b4%d0%bb%d1%8f-%d1%80%d0%b5%d0%bc%d0%be%d0%bd%d1%82%d0%b0-%d1%88%d0%b8%d0%bd-400ml\/","title":{"rendered":"REHVIPARANDUSVAHT \u041f\u0415\u041d\u0410 \u0414\u041b\u042f \u0420\u0415\u041c\u041e\u041d\u0422\u0410 \u0428\u0418\u041d 400ML"},"content":{"rendered":"<p>Tire parandus Spray<\/p>\n<div>tihendid lame tires ja pumbad them back up. For all tire t\u00fc\u00fcbid koos ja ilma torud. Do not kasutus if toru on torn v\u00f5i if tire has slipped off rim v\u00f5i if v\u00e4line kate has a lateral tear! Problem-free subsequent tire parandus.<\/div>\n<div>Kasutusala<\/div>\n<div>For initial abi ja roadside assistance for k\u00f5ik tavalised automobile ja caravan tire m\u00f5\u00f5dud<\/div>\n","protected":false},"excerpt":{"rendered":"<p>LM3343 LIQUI MOLY<\/p>\n","protected":false},"featured_media":105210,"comment_status":"open","ping_status":"closed","template":"","meta":{"colormag_page_container_layout":"default_layout","colormag_page_sidebar_layout":"default_layout"},"product_brand":[],"product_cat":[108],"product_tag":[],"class_list":{"0":"post-105213","1":"product","2":"type-product","3":"status-publish","4":"has-post-thumbnail","6":"product_cat-misc","8":"first","9":"instock","10":"shipping-taxable","11":"purchasable","12":"product-type-simple"},"_links":{"self":[{"href":"https:\/\/automatic.ee\/ru\/wp-json\/wp\/v2\/product\/105213","targetHints":{"allow":["GET"]}}],"collection":[{"href":"https:\/\/automatic.ee\/ru\/wp-json\/wp\/v2\/product"}],"about":[{"href":"https:\/\/automatic.ee\/ru\/wp-json\/wp\/v2\/types\/product"}],"replies":[{"embeddable":true,"href":"https:\/\/automatic.ee\/ru\/wp-json\/wp\/v2\/comments?post=105213"}],"wp:featuredmedia":[{"embeddable":true,"href":"https:\/\/automatic.ee\/ru\/wp-json\/wp\/v2\/media\/105210"}],"wp:attachment":[{"href":"https:\/\/automatic.ee\/ru\/wp-json\/wp\/v2\/media?parent=105213"}],"wp:term":[{"taxonomy":"product_brand","embeddable":true,"href":"https:\/\/automatic.ee\/ru\/wp-json\/wp\/v2\/product_brand?post=105213"},{"taxonomy":"product_cat","embeddable":true,"href":"https:\/\/automatic.ee\/ru\/wp-json\/wp\/v2\/product_cat?post=105213"},{"taxonomy":"product_tag","embeddable":true,"href":"https:\/\/automatic.ee\/ru\/wp-json\/wp\/v2\/product_tag?post=105213"}],"curies":[{"name":"wp","href":"https:\/\/api.w.org\/{rel}","templated":true}]}}