{"id":105205,"date":"2025-11-04T03:43:31","date_gmt":"2025-11-04T01:43:31","guid":{"rendered":"https:\/\/automatic.ee\/toode\/gaasiohulekketuvastus-aerosool-400ml\/"},"modified":"2025-11-04T03:43:31","modified_gmt":"2025-11-04T01:43:31","slug":"gaasiohulekketuvastus-aerosool-400ml","status":"publish","type":"product","link":"https:\/\/automatic.ee\/ru\/toode\/gaasiohulekketuvastus-aerosool-400ml\/","title":{"rendered":"GAASI\u00d5HULEKKETUVASTUS AEROSOOL 400ML"},"content":{"rendered":"<p>Lekketesti vedelik, et tuvastada, kus gaas ja suru\u00f5hk v\u00f5ivad v\u00e4lja p\u00e4\u00e4seda. Tuvastab mahutite, torude, voolikute, keermete, keevis\u00f5mbluste, \u00e4\u00e4rikute ja liitmike lekkeid. Vees lahustuv ja biolagunev testvedelik, mis on t\u00e4idetud keskkonnas\u00f5braliku propellendiga. K\u00f5rge mullide moodustumine tagab s\u00e4\u00e4stliku ja usaldusv\u00e4\u00e4rse kasutamise.<\/p>\n","protected":false},"excerpt":{"rendered":"<p>LM3350 LIQUI MOLY<\/p>\n","protected":false},"featured_media":105202,"comment_status":"open","ping_status":"closed","template":"","meta":{"colormag_page_container_layout":"default_layout","colormag_page_sidebar_layout":"default_layout"},"product_brand":[],"product_cat":[108],"product_tag":[],"class_list":{"0":"post-105205","1":"product","2":"type-product","3":"status-publish","4":"has-post-thumbnail","6":"product_cat-misc","8":"first","9":"instock","10":"shipping-taxable","11":"purchasable","12":"product-type-simple"},"_links":{"self":[{"href":"https:\/\/automatic.ee\/ru\/wp-json\/wp\/v2\/product\/105205","targetHints":{"allow":["GET"]}}],"collection":[{"href":"https:\/\/automatic.ee\/ru\/wp-json\/wp\/v2\/product"}],"about":[{"href":"https:\/\/automatic.ee\/ru\/wp-json\/wp\/v2\/types\/product"}],"replies":[{"embeddable":true,"href":"https:\/\/automatic.ee\/ru\/wp-json\/wp\/v2\/comments?post=105205"}],"wp:featuredmedia":[{"embeddable":true,"href":"https:\/\/automatic.ee\/ru\/wp-json\/wp\/v2\/media\/105202"}],"wp:attachment":[{"href":"https:\/\/automatic.ee\/ru\/wp-json\/wp\/v2\/media?parent=105205"}],"wp:term":[{"taxonomy":"product_brand","embeddable":true,"href":"https:\/\/automatic.ee\/ru\/wp-json\/wp\/v2\/product_brand?post=105205"},{"taxonomy":"product_cat","embeddable":true,"href":"https:\/\/automatic.ee\/ru\/wp-json\/wp\/v2\/product_cat?post=105205"},{"taxonomy":"product_tag","embeddable":true,"href":"https:\/\/automatic.ee\/ru\/wp-json\/wp\/v2\/product_tag?post=105205"}],"curies":[{"name":"wp","href":"https:\/\/api.w.org\/{rel}","templated":true}]}}