{"id":105201,"date":"2025-11-04T03:43:26","date_gmt":"2025-11-04T01:43:26","guid":{"rendered":"https:\/\/automatic.ee\/toode\/mootori-sisselaske-lekkeotsimis-sprei-200ml\/"},"modified":"2025-11-04T03:43:26","modified_gmt":"2025-11-04T01:43:26","slug":"mootori-sisselaske-lekkeotsimis-sprei-200ml","status":"publish","type":"product","link":"https:\/\/automatic.ee\/ru\/toode\/mootori-sisselaske-lekkeotsimis-sprei-200ml\/","title":{"rendered":"Mootori sisselaske lekkeotsimis sprei 200ml"},"content":{"rendered":"<p>Mootori lekkedetektor on \u00e4\u00e4rmiselt lihtne rakendus, mis tuvastab lekkekoha sisselaskepiirkonnas sekunditega. Niipea kui mootori p\u00f6\u00f6rlemiskiirus langes, leiti leke. Mootori lekkeanduril on k\u00f5rge ises\u00fcttimistemperatuur, seega j\u00e4rgitakse ohutusn\u00f5udeid. \u00dchildub mootori ja katal\u00fcsaatoriga.<\/p>\n","protected":false},"excerpt":{"rendered":"<p>LM3351 LIQUI MOLY<\/p>\n","protected":false},"featured_media":105198,"comment_status":"open","ping_status":"closed","template":"","meta":{"colormag_page_container_layout":"default_layout","colormag_page_sidebar_layout":"default_layout"},"product_brand":[],"product_cat":[108],"product_tag":[],"class_list":{"0":"post-105201","1":"product","2":"type-product","3":"status-publish","4":"has-post-thumbnail","6":"product_cat-misc","8":"first","9":"instock","10":"shipping-taxable","11":"purchasable","12":"product-type-simple"},"_links":{"self":[{"href":"https:\/\/automatic.ee\/ru\/wp-json\/wp\/v2\/product\/105201","targetHints":{"allow":["GET"]}}],"collection":[{"href":"https:\/\/automatic.ee\/ru\/wp-json\/wp\/v2\/product"}],"about":[{"href":"https:\/\/automatic.ee\/ru\/wp-json\/wp\/v2\/types\/product"}],"replies":[{"embeddable":true,"href":"https:\/\/automatic.ee\/ru\/wp-json\/wp\/v2\/comments?post=105201"}],"wp:featuredmedia":[{"embeddable":true,"href":"https:\/\/automatic.ee\/ru\/wp-json\/wp\/v2\/media\/105198"}],"wp:attachment":[{"href":"https:\/\/automatic.ee\/ru\/wp-json\/wp\/v2\/media?parent=105201"}],"wp:term":[{"taxonomy":"product_brand","embeddable":true,"href":"https:\/\/automatic.ee\/ru\/wp-json\/wp\/v2\/product_brand?post=105201"},{"taxonomy":"product_cat","embeddable":true,"href":"https:\/\/automatic.ee\/ru\/wp-json\/wp\/v2\/product_cat?post=105201"},{"taxonomy":"product_tag","embeddable":true,"href":"https:\/\/automatic.ee\/ru\/wp-json\/wp\/v2\/product_tag?post=105201"}],"curies":[{"name":"wp","href":"https:\/\/api.w.org\/{rel}","templated":true}]}}