{"id":105193,"date":"2025-11-04T03:43:15","date_gmt":"2025-11-04T01:43:15","guid":{"rendered":"https:\/\/automatic.ee\/toode\/pihusti-ja-eelsuutekuunla-lahtistus-aerosool-400ml\/"},"modified":"2025-11-04T03:43:15","modified_gmt":"2025-11-04T01:43:15","slug":"pihusti-ja-eelsuutekuunla-lahtistus-aerosool-400ml","status":"publish","type":"product","link":"https:\/\/automatic.ee\/ru\/toode\/pihusti-ja-eelsuutekuunla-lahtistus-aerosool-400ml\/","title":{"rendered":"pihusti- ja eels\u00fc\u00fctek\u00fc\u00fcnla lahtistus aerosool 400ml"},"content":{"rendered":"<p>LIQUI MOLY<\/p>\n<p>LM3379<\/p>\n","protected":false},"excerpt":{"rendered":"<p>LM3379 LIQUI MOLY<\/p>\n","protected":false},"featured_media":105190,"comment_status":"open","ping_status":"closed","template":"","meta":{"colormag_page_container_layout":"default_layout","colormag_page_sidebar_layout":"default_layout"},"product_brand":[],"product_cat":[108],"product_tag":[],"class_list":{"0":"post-105193","1":"product","2":"type-product","3":"status-publish","4":"has-post-thumbnail","6":"product_cat-misc","8":"first","9":"instock","10":"shipping-taxable","11":"purchasable","12":"product-type-simple"},"_links":{"self":[{"href":"https:\/\/automatic.ee\/ru\/wp-json\/wp\/v2\/product\/105193","targetHints":{"allow":["GET"]}}],"collection":[{"href":"https:\/\/automatic.ee\/ru\/wp-json\/wp\/v2\/product"}],"about":[{"href":"https:\/\/automatic.ee\/ru\/wp-json\/wp\/v2\/types\/product"}],"replies":[{"embeddable":true,"href":"https:\/\/automatic.ee\/ru\/wp-json\/wp\/v2\/comments?post=105193"}],"wp:featuredmedia":[{"embeddable":true,"href":"https:\/\/automatic.ee\/ru\/wp-json\/wp\/v2\/media\/105190"}],"wp:attachment":[{"href":"https:\/\/automatic.ee\/ru\/wp-json\/wp\/v2\/media?parent=105193"}],"wp:term":[{"taxonomy":"product_brand","embeddable":true,"href":"https:\/\/automatic.ee\/ru\/wp-json\/wp\/v2\/product_brand?post=105193"},{"taxonomy":"product_cat","embeddable":true,"href":"https:\/\/automatic.ee\/ru\/wp-json\/wp\/v2\/product_cat?post=105193"},{"taxonomy":"product_tag","embeddable":true,"href":"https:\/\/automatic.ee\/ru\/wp-json\/wp\/v2\/product_tag?post=105193"}],"curies":[{"name":"wp","href":"https:\/\/api.w.org\/{rel}","templated":true}]}}